{"id":90,"date":"2023-04-03T19:29:49","date_gmt":"2023-04-03T17:29:49","guid":{"rendered":"https:\/\/consolatozurigo.esteri.it\/?page_id=90"},"modified":"2026-03-16T15:16:35","modified_gmt":"2026-03-16T13:16:35","slug":"traduzione-e-legalizzazione-dei-documenti","status":"publish","type":"page","link":"https:\/\/consjohannesburg.esteri.it\/it\/servizi-consolari-e-visti\/servizi-per-il-cittadino-italiano\/traduzione-e-legalizzazione-dei-documenti\/","title":{"rendered":"Traduzione e legalizzazione dei documenti"},"content":{"rendered":"<p><a href=\"https:\/\/consjohannesburg.esteri.it\/wp-content\/uploads\/2026\/03\/Sworn-Translators-List-July-2024-1.pdf\"><strong>List of Sworn Translators \u2013 Lista dei traduttori giurati<\/strong><\/a><\/p>\n<p>Per poter essere fatti valere in Italia, gli atti e i documenti rilasciati da autorit\u00e0 straniere devono essere legalizzati dalle rappresentanze diplomatico-consolari italiane all\u2019estero.<br \/>\nTali atti e documenti, eccetto quelli redatti su modelli plurilingue previsti da Convenzioni internazionali, devono inoltre essere tradotti in italiano.<br \/>\nLe traduzioni devono recare il timbro \u201cper traduzione conforme\u201d. Nei Paesi dove esiste la figura giuridica del traduttore ufficiale la conformit\u00e0 pu\u00f2 essere attestata dal traduttore stesso, la cui firma viene poi legalizzata dall\u2019ufficio consolare.<br \/>\nNei Paesi nei quali tale figura non \u00e8 prevista dall\u2019ordinamento locale occorrer\u00e0 necessariamente fare ricorso alla certificazione di conformit\u00e0 apposta dall\u2019ufficio consolare.<br \/>\nPer procedere alla legalizzazione il richiedente dovr\u00e0 presentarsi presso l\u2019Ufficio consolare munito dell\u2019atto (in originale) da legalizzare.<br \/>\nAl fine di ottenere il certificato di conformit\u00e0 della traduzione il richiedente dovr\u00e0 presentarsi presso l\u2019Ufficio consolare munito del documento originale in lingua straniera e della traduzione.<br \/>\nGli atti di cui sopra sono soggetti al pagamento dei diritti di cui alla <a href=\"https:\/\/consjohannesburg.esteri.it\/it\/servizi-consolari-e-visti\/servizi-per-il-cittadino-italiano\/altri-servizi\/\">Tariffa consolare<\/a> attualmente vigente.<\/p>\n<h6>L\u2019apostille<\/h6>\n<p>Nei Paesi che hanno sottoscritto la <strong>Convenzione de L\u2019Aia<\/strong> del 5 ottobre 1961 relativa all\u2019abolizione della legalizzazione di atti pubblici stranieri, la necessit\u00e0 di legalizzare gli atti e i documenti rilasciati da autorit\u00e0 straniere \u00e8 sostituita da un\u2019altra formalit\u00e0: l\u2019apposizione della \u201cpostilla\u201d (o apostille).<br \/>\nPertanto, una persona proveniente da un Paese che ha aderito a questa Convenzione non ha bisogno di recarsi presso la Rappresentanza consolare e chiedere la legalizzazione, ma pu\u00f2 recarsi presso la competente autorit\u00e0 interna designata da ciascuno Stato \u2013 e indicata per ciascun Paese nell\u2019atto di adesione alla Convenzione stessa (normalmente si tratta del Ministero degli Esteri) \u2013 per ottenere l\u2019apposizione dell\u2019apostille sul documento. Cos\u00ec perfezionato, il documento viene riconosciuto in Italia.<br \/>\nL\u2019elenco aggiornato dei Paesi che hanno ratificato la Convenzione de L\u2019Aja e delle autorit\u00e0 competenti all\u2019apposizione dell\u2019apostille per ciascuno degli Stati \u00e8 disponibile sul sito web della Conferenza de L\u2019Aja di diritto internazionale privato:\u00a0<a href=\"http:\/\/www.hcch.net\/\">http:\/\/www.hcch.net<\/a>.<\/p>\n","protected":false},"excerpt":{"rendered":"List of Sworn Translators \u2013 Lista dei traduttori giurati Per poter essere fatti valere in Italia, gli atti e i documenti rilasciati da autorit\u00e0 straniere devono essere legalizzati dalle rappresentanze diplomatico-consolari italiane all\u2019estero. Tali atti e documenti, eccetto quelli redatti su modelli plurilingue previsti da Convenzioni internazionali, devono inoltre essere tradotti in italiano. Le traduzioni [&hellip;]","protected":false},"author":1,"featured_media":0,"parent":59,"menu_order":14,"comment_status":"closed","ping_status":"closed","template":"","meta":{"footnotes":""},"class_list":["post-90","page","type-page","status-publish","hentry"],"_links":{"self":[{"href":"https:\/\/consjohannesburg.esteri.it\/it\/wp-json\/wp\/v2\/pages\/90","targetHints":{"allow":["GET"]}}],"collection":[{"href":"https:\/\/consjohannesburg.esteri.it\/it\/wp-json\/wp\/v2\/pages"}],"about":[{"href":"https:\/\/consjohannesburg.esteri.it\/it\/wp-json\/wp\/v2\/types\/page"}],"author":[{"embeddable":true,"href":"https:\/\/consjohannesburg.esteri.it\/it\/wp-json\/wp\/v2\/users\/1"}],"replies":[{"embeddable":true,"href":"https:\/\/consjohannesburg.esteri.it\/it\/wp-json\/wp\/v2\/comments?post=90"}],"version-history":[{"count":7,"href":"https:\/\/consjohannesburg.esteri.it\/it\/wp-json\/wp\/v2\/pages\/90\/revisions"}],"predecessor-version":[{"id":8442,"href":"https:\/\/consjohannesburg.esteri.it\/it\/wp-json\/wp\/v2\/pages\/90\/revisions\/8442"}],"up":[{"embeddable":true,"href":"https:\/\/consjohannesburg.esteri.it\/it\/wp-json\/wp\/v2\/pages\/59"}],"wp:attachment":[{"href":"https:\/\/consjohannesburg.esteri.it\/it\/wp-json\/wp\/v2\/media?parent=90"}],"curies":[{"name":"wp","href":"https:\/\/api.w.org\/{rel}","templated":true}]}}