{"id":89,"date":"2023-04-03T19:29:38","date_gmt":"2023-04-03T17:29:38","guid":{"rendered":"https:\/\/consolatozurigo.esteri.it\/?page_id=89"},"modified":"2025-09-26T11:09:42","modified_gmt":"2025-09-26T09:09:42","slug":"servizi-notarili","status":"publish","type":"page","link":"https:\/\/consjohannesburg.esteri.it\/it\/servizi-consolari-e-visti\/servizi-per-il-cittadino-italiano\/servizi-notarili\/","title":{"rendered":"Servizi notarili"},"content":{"rendered":"<p>Per gli atti notarili munirsi del testo della procura <strong>redatto da un Notaio<\/strong> <strong>in Italia<\/strong>.<br \/>\nInviare la bozza in <strong>formato Word<\/strong> a\u00a0<a href=\"mailto:notarile.johannesburg@esteri.it\">notarile.johannesburg@esteri.it<\/a>.<\/p>\n<p>Per informazioni inviare una e-mail a <a href=\"mailto:notarile.johannesburg@esteri.it\">notarile.johannesburg@esteri.it<\/a>.<br \/>\nTel. +27 (0)11 728 1392\/3 Int.2050<\/p>\n<p><a href=\"https:\/\/consjohannesburg.esteri.it\/it\/chi-siamo\/contatti\/attorneys_avvocati-oct-2024\/\" target=\"_blank\" rel=\"attachment noopener wp-att-4094\">List of Attorneys_Lista Avvocati (Oct 2024)<\/a><\/p>\n<h6><strong><br \/>\nATTI NOTARILI<\/strong><\/h6>\n<p>L\u2019ufficio consolare esercita, esclusivamente nei confronti di<strong> cittadini italiani<\/strong> che si trovano all&#8217;estero, alcune funzioni notarili previste dal nostro ordinamento. Essenzialmente si tratta del ricevimento di <span style=\"text-decoration: underline;\">atti pubblici (procure, testamenti), di atti notori, di autenticazioni e di sottoscrizioni apposte a scritture private.<\/span><\/p>\n<p>Esistono tuttavia alcune differenze tra le competenze consolari in materia notarile e quelle attribuite ai notai esercenti in Italia, sostanzialmente connesse alla diversa posizione del Capo della Rappresentanza consolare, funzionario dello Stato, e quella del notaio, libero professionista.<br \/>\nIn effetti, il notaio pu\u00f2 anche essere chiamato a fungere da consulente legale del cliente; egli pertanto pu\u00f2 assumere informazioni circa la solvibilit\u00e0 di una persona o agire da mediatore in una transazione, oppure consigliare il cliente circa rapporti familiari o finanziari.<\/p>\n<p>E\u2019 escluso che l\u2019Autorit\u00e0 consolare possa svolgere attivit\u00e0 analoghe. Il suo consiglio, se richiesto, deve essere limitato al campo giuridico, con particolare riguardo alla validit\u00e0 degli atti che le si domanda di ricevere. La sua assistenza deve limitarsi alla legalit\u00e0 degli atti prospettati e non alla loro utilit\u00e0 economica.Il notaio pu\u00f2 essere a volte il mandatario del cliente rispetto alla pubblicit\u00e0 e alla esecuzione di formalit\u00e0 relative agli atti da lui ricevuti.<\/p>\n<p>Nessuna attivit\u00e0 di tale natura pu\u00f2, invece, essere svolta dal capo della Rappresentanza consolare. Inoltre, mentre\u00a0il notaio ha diritto ad un onorario, tutti gli atti consolari sono soggetti unicamente alla tassa indicata nella <a href=\"https:\/\/consjohannesburg.esteri.it\/it\/servizi-consolari-e-visti\/servizi-per-il-cittadino-italiano\/altri-servizi\/\">Tariffa consolare<\/a>.<\/p>\n<p>Il cittadino italiano all&#8217;estero pu\u00f2, in alternativa, formalizzare l&#8217;atto presso un pubblico notaio ufficialmente accreditato nel Paese di residenza. Successivamente, se il Paese ha aderito alla Convenzione dell&#8217;Aja del 1961 per l&#8217;abolizione della legalizzazione, deve provvedere a far apporre sul documento l&#8217;\u00abApostille\u00bb da parte dell&#8217;Autorit\u00e0 preposta nel Paese di residenza. Se il Paese non ha aderito alla Convenzione suddetta, dovr\u00e0 far legalizzare la firma del notaio a cura della Rappresentanza consolare italiana (v. sezione Traduzione e Legalizzazione dei documenti).<\/p>\n<p>I servizi notarili pi\u00f9 frequentemente richiesti ad un Ufficio consolare sono:<\/p>\n<ul>\n<li><strong>Procure<\/strong><\/li>\n<li><a href=\"https:\/\/consjohannesburg.esteri.it\/it\/servizi-consolari-e-visti\/servizi-per-il-cittadino-italiano\/servizi-notarili\/testamenti\/\"><strong>Testamenti<\/strong><\/a><\/li>\n<li><strong>Atti Pubblici<\/strong><\/li>\n<li><a href=\"https:\/\/consjohannesburg.esteri.it\/it\/servizi-consolari-e-visti\/servizi-per-il-cittadino-italiano\/servizi-notarili\/accettazione-rinuncia-di-eredita\/\"><strong>Accettazione\/Rinuncia eredita&#8217;<\/strong><\/a><\/li>\n<\/ul>\n","protected":false},"excerpt":{"rendered":"Per gli atti notarili munirsi del testo della procura redatto da un Notaio in Italia. Inviare la bozza in formato Word a\u00a0notarile.johannesburg@esteri.it. Per informazioni inviare una e-mail a notarile.johannesburg@esteri.it. Tel. +27 (0)11 728 1392\/3 Int.2050 List of Attorneys_Lista Avvocati (Oct 2024) ATTI NOTARILI L\u2019ufficio consolare esercita, esclusivamente nei confronti di cittadini italiani che si trovano [&hellip;]","protected":false},"author":1,"featured_media":0,"parent":59,"menu_order":12,"comment_status":"closed","ping_status":"closed","template":"","meta":{"footnotes":""},"class_list":["post-89","page","type-page","status-publish","hentry"],"_links":{"self":[{"href":"https:\/\/consjohannesburg.esteri.it\/it\/wp-json\/wp\/v2\/pages\/89","targetHints":{"allow":["GET"]}}],"collection":[{"href":"https:\/\/consjohannesburg.esteri.it\/it\/wp-json\/wp\/v2\/pages"}],"about":[{"href":"https:\/\/consjohannesburg.esteri.it\/it\/wp-json\/wp\/v2\/types\/page"}],"author":[{"embeddable":true,"href":"https:\/\/consjohannesburg.esteri.it\/it\/wp-json\/wp\/v2\/users\/1"}],"replies":[{"embeddable":true,"href":"https:\/\/consjohannesburg.esteri.it\/it\/wp-json\/wp\/v2\/comments?post=89"}],"version-history":[{"count":7,"href":"https:\/\/consjohannesburg.esteri.it\/it\/wp-json\/wp\/v2\/pages\/89\/revisions"}],"predecessor-version":[{"id":7625,"href":"https:\/\/consjohannesburg.esteri.it\/it\/wp-json\/wp\/v2\/pages\/89\/revisions\/7625"}],"up":[{"embeddable":true,"href":"https:\/\/consjohannesburg.esteri.it\/it\/wp-json\/wp\/v2\/pages\/59"}],"wp:attachment":[{"href":"https:\/\/consjohannesburg.esteri.it\/it\/wp-json\/wp\/v2\/media?parent=89"}],"curies":[{"name":"wp","href":"https:\/\/api.w.org\/{rel}","templated":true}]}}