{"id":8692,"date":"2026-04-22T15:52:30","date_gmt":"2026-04-22T13:52:30","guid":{"rendered":"https:\/\/consjohannesburg.esteri.it\/?page_id=8692"},"modified":"2026-04-22T15:52:48","modified_gmt":"2026-04-22T13:52:48","slug":"cittadinanza-per-riconoscimento-elezione-di-cittadinanza","status":"publish","type":"page","link":"https:\/\/consjohannesburg.esteri.it\/it\/servizi-consolari-e-visti\/servizi-per-il-cittadino-straniero\/cittadinanza\/cittadinanza-per-riconoscimento-elezione-di-cittadinanza\/","title":{"rendered":"Cittadinanza per riconoscimento \u2013 elezione di cittadinanza"},"content":{"rendered":"<p>l figlio\/a maggiorenne nato da genitori non sposati, o nato prima del matrimonio dei genitori, pu\u00f2 essere riconosciuto quale figlio naturale in et\u00e0 adulta da un genitore gi\u00e0 cittadino italiano\u00a0<em>iure sanguinis\u00a0<\/em>(per nascita), tramite riconoscimento o dichiarazione giudiziale (art. 2, comma 2, L. 91\/1992).<\/p>\n<p>Il figlio riconosciuto durante la maggiore et\u00e0 dal genitore italiano per nascita potr\u00e0 acquistare la cittadinanza italiana\u00a0<em>iure sanguinis<\/em>. Lo stesso\/a avr\u00e0 un termine legale improrogabile di un anno, a decorrere dalla data del riconoscimento, per recarsi in Consolato a sottoscrivere una \u201celezione\u201d di cittadinanza italiana. Decorso un anno, egli non avr\u00e0 diritto alla cittadinanza italiana.<\/p>\n<p><strong><br \/>\nIMPORTANTE<\/strong>: Le disposizioni introdotte dalla Legge di conversione n.74\/2025 del DL n.36\/2025 introducono una deroga alle regole sull\u2019acquisto automatico della cittadinanza italiana (acquisto iure sanguinis per discendenza da cittadino italiano), anche nei casi di riconoscimento o dichiarazione giudiziale di filiazione.<\/p>\n<p>Pertanto, il figlio riconosciuto durante la maggiore et\u00e0 dal genitore italiano potr\u00e0 acquistare la cittadinanza italiana iure sanguinis\u00a0<strong>solo se<\/strong>:<\/p>\n<ul>\n<li>uno dei genitori o dei nonni possedeva esclusivamente la cittadinanza italiana;<\/li>\n<li>uno dei genitori o adottanti ha risieduto legalmente e continuativamente in Italia per almeno due anni dopo l\u2019acquisto della cittadinanza italiana e prima della nascita o adozione del figlio;<\/li>\n<\/ul>\n<p>Il riconoscimento dovr\u00e0 essere formalizzato in presenza sia del genitore italiano che del figlio\/a maggiorenne che desidera essere riconosciuto\/a.<\/p>\n<p>L\u2019atto potr\u00e0 essere redatto da un Notaio in Italia iscritto al Collegio Notarile, se il genitore italiano \u00e8 residente in Italia.<br \/>\nSe invece il genitore italiano \u00e8 residente all\u2019estero, l\u2019atto potr\u00e0 essere redatto tramite l\u2019ufficio notarile dell\u2019autorit\u00e0 consolare italiana competente per il luogo di residenza.<\/p>\n<p>Per gli utenti residenti in questa circoscrizione consolare che abbiano gi\u00e0 formalizzato l\u2019atto di riconoscimento di paternit\u00e0\/maternit\u00e0 in et\u00e0 adulta, e volessero procedere con l\u2019elezione di cittadinanza, si prega di inviare un\u2019email per richiedere maggiori informazioni sulla documentazione da presentare e l\u2019assegnazione di un appuntamento all\u2019ufficio Cittadinanza (<a href=\"mailto:consolare.johannesburg@esteri.it\">consolare.johannesburg@esteri.it<\/a>), fornendo:<\/p>\n<ul>\n<li>Nome e cognome, luogo e data di nascita del richiedente<\/li>\n<li>Indirizzo e prova di residenza in Sudafrica del richiedente<\/li>\n<li>Copia dell\u2019atto di riconoscimento<\/li>\n<li>Nome e cognome, luogo e data di nascita del genitore italiano<\/li>\n<li>Copia di un documento d\u2019identit\u00e0 italiano valido relativo al genitore italiano<\/li>\n<li>Copia di un documento d\u2019identit\u00e0 italiano valido relativo al genitore italiano<\/li>\n<\/ul>\n","protected":false},"excerpt":{"rendered":"l figlio\/a maggiorenne nato da genitori non sposati, o nato prima del matrimonio dei genitori, pu\u00f2 essere riconosciuto quale figlio naturale in et\u00e0 adulta da un genitore gi\u00e0 cittadino italiano\u00a0iure sanguinis\u00a0(per nascita), tramite riconoscimento o dichiarazione giudiziale (art. 2, comma 2, L. 91\/1992). Il figlio riconosciuto durante la maggiore et\u00e0 dal genitore italiano per nascita [&hellip;]","protected":false},"author":7,"featured_media":0,"parent":96,"menu_order":8,"comment_status":"closed","ping_status":"closed","template":"","meta":{"footnotes":""},"class_list":["post-8692","page","type-page","status-publish","hentry"],"_links":{"self":[{"href":"https:\/\/consjohannesburg.esteri.it\/it\/wp-json\/wp\/v2\/pages\/8692","targetHints":{"allow":["GET"]}}],"collection":[{"href":"https:\/\/consjohannesburg.esteri.it\/it\/wp-json\/wp\/v2\/pages"}],"about":[{"href":"https:\/\/consjohannesburg.esteri.it\/it\/wp-json\/wp\/v2\/types\/page"}],"author":[{"embeddable":true,"href":"https:\/\/consjohannesburg.esteri.it\/it\/wp-json\/wp\/v2\/users\/7"}],"replies":[{"embeddable":true,"href":"https:\/\/consjohannesburg.esteri.it\/it\/wp-json\/wp\/v2\/comments?post=8692"}],"version-history":[{"count":1,"href":"https:\/\/consjohannesburg.esteri.it\/it\/wp-json\/wp\/v2\/pages\/8692\/revisions"}],"predecessor-version":[{"id":8695,"href":"https:\/\/consjohannesburg.esteri.it\/it\/wp-json\/wp\/v2\/pages\/8692\/revisions\/8695"}],"up":[{"embeddable":true,"href":"https:\/\/consjohannesburg.esteri.it\/it\/wp-json\/wp\/v2\/pages\/96"}],"wp:attachment":[{"href":"https:\/\/consjohannesburg.esteri.it\/it\/wp-json\/wp\/v2\/media?parent=8692"}],"curies":[{"name":"wp","href":"https:\/\/api.w.org\/{rel}","templated":true}]}}