{"id":67,"date":"2023-04-03T19:27:59","date_gmt":"2023-04-03T17:27:59","guid":{"rendered":"https:\/\/consolatozurigo.esteri.it\/?page_id=67"},"modified":"2026-01-14T13:53:59","modified_gmt":"2026-01-14T11:53:59","slug":"passaporti-e-carte-didentita","status":"publish","type":"page","link":"https:\/\/consjohannesburg.esteri.it\/it\/servizi-consolari-e-visti\/servizi-per-il-cittadino-italiano\/passaporti-e-carte-didentita\/","title":{"rendered":"Passaporti"},"content":{"rendered":"<p>Il passaporto elettronico biometrico \u00e8 un documento di viaggio e di riconoscimento valido in tutti i Paesi il cui Governo \u00e8 riconosciuto dall\u2019Italia.<\/p>\n<p>Prima di programmare un viaggio, si prega di consultare il sito <a href=\"https:\/\/www.viaggiaresicuri.it\/find-country\">Viaggiare Sicuri<\/a> per conoscere la validit\u00e0 residua del passaporto richiesta dal Paese di destinazione.<\/p>\n<p>La validit\u00e0 temporale del passaporto differisce in base all\u2019et\u00e0 del titolare:<\/p>\n<ul>\n<li>per i minori di 3 anni la validit\u00e0 \u00e8 di 3 anni;<\/li>\n<li>per i minori dai 3 ai 18 anni la validit\u00e0 \u00e8 di 5 anni;<\/li>\n<li>per i maggiorenni la validit\u00e0 \u00e8 di 10 anni.<\/li>\n<\/ul>\n<p>Il suo rilascio \u00e8 di competenza dell\u2019Ufficio consolare nella cui circoscrizione \u00e8 residente il richiedente iscritto all\u2019AIRE. Per chi risiede in Italia, \u00e8 competente la Questura.<\/p>\n<p>Per il rilascio del passaporto \u00e8 necessario essere cittadini italiani. Il Consolato Generale si riserva pertanto il diritto di richiedere la documentazione comprovante il possesso ininterrotto della cittadinanza italiana da parte del richiedente e degli avi.<\/p>\n<p>Prima di richiedere il rilascio del passaporto, occorre:<\/p>\n<ul>\n<li>aggiornare il proprio indirizzo di residenza tramite il portale FAST IT, raggiungibile al link\u00a0<a href=\"https:\/\/serviziconsolarionline.esteri.it\/\" target=\"_blank\" rel=\"noopener\">https:\/\/serviziconsolarionline.esteri.it<\/a>;<\/li>\n<li>che il proprio\u00a0<strong>certificato di nascita<\/strong>\u00a0sia stato\u00a0<strong>trasmesso presso il Comune italiano competente<\/strong>; NB che pu\u00f2 essere richiesto anche contestualmente alla presentazione dell\u2019istanza di rilascio laddove sia certo il possesso della cittadinanza italiana.<\/li>\n<li>essere iscritti all&#8217;AIRE;<\/li>\n<\/ul>\n<p>Il passaporto verr\u00e0 emesso e consegnato\u00a0<strong>il giorno stesso dell\u2019appuntamento <\/strong>(escluso residenti KwaZulu-Natal).<\/p>\n<p>Anche i non residenti possono <em>ex lege<\/em> richiedere il rilascio di un passaporto inoltrando la richiesta tramite email: johannesburg.pass@esteri.it. Si segnala che in questo caso i tempi di rilascio potrebbero essere pi\u00f9 lunghi per la necessit\u00e0 di ottenere la delega dell\u2019ufficio competente per residenza.<\/p>\n<h6><strong>MODALIT\u00c1 DI RICHIESTA DEL PASSAPORTO PER ADULTI E MINORI (ESCLUSO RESIDENTI KWAZULU-NATAL)<\/strong><\/h6>\n<p>Le domande di passaporto\u00a0<strong>devono essere presentate online<\/strong>, tramite il portale\u00a0<a href=\"https:\/\/prenotami.esteri.it\/\"><strong>Prenot@Mi<\/strong><\/a>, disponibile all\u2019indirizzo\u00a0<a href=\"https:\/\/prenotami.esteri.it\/\">https:\/\/prenotami.esteri.it<\/a>. Dopo la registrazione e la scelta del Consolato di riferimento, sar\u00e0 possibile prenotare gli appuntamenti a decorrere dalla prima data disponibile fissata dalla Sede. Le richieste vengono processate in ordine cronologico e comunque entro tre giorni dalla data della prenotazione dell\u2019appuntamento.<\/p>\n<p>Per prenotare online occorre seguire la seguente procedura:<\/p>\n<ul>\n<li>Registrarsi su <a href=\"https:\/\/prenotami.esteri.it\/\">https:\/\/prenotami.esteri.it<\/a> e scegliere \u201cConsolato Generale d\u2019Italia Johannesburg\u201d come Consolato di riferimento;<\/li>\n<li>Una volta completata la registrazione, selezionare il tab &#8220;Prenota&#8221; dal menu orizzontale nella parte superione della schermata;<\/li>\n<li>Cliccare il bottone blu &#8220;PRENOTA&#8221; alla voce \u201cDocumenti di identit\u00e0\/viaggio &#8211; Passaporto &#8211; Appuntamenti Johannesburg\u201d;<\/li>\n<li>Selezionare il tipo di prenotazione desiderata e inserire i dati dei richiedenti. Infine, cliccare il bottone &#8220;AVANTI&#8221;;<\/li>\n<li>Selezionare la data desiderata dal calendario (le date disponibili sono contrassegnate in verde) e cliccare il bottone &#8220;PRENOTA&#8221;.<\/li>\n<li><strong>COME <\/strong><strong>PRENOTARE <\/strong><strong>UN APPUNTAMENTO <\/strong><strong>CONGIUNTO <\/strong><strong>ADULTI E MINORI<\/strong><strong>:<br \/>\n<\/strong><span style=\"text-decoration: underline;\">I\u00a0genitori che vogliono fare domanda\u00a0<strong>insieme <\/strong>ai figli<\/span>, devono prenotare attraverso il Portale\u00a0<a href=\"https:\/\/prenotami.esteri.it\/\">Prenot@Mi<\/a>\u00a0, selezionare \u201c<em>prenotazione<\/em>\u00a0<em>multipla<\/em>\u201d e allegare il\u00a0<a href=\"https:\/\/consjohannesburg.esteri.it\/wp-content\/uploads\/2024\/08\/Atto-di-assenso-Pass-e-CIE-2024.pdf\">modulo d\u2019assenso<\/a>.<\/li>\n<li><strong>COME <\/strong><strong>PRENOTARE UN <\/strong><strong>APPUNTAMENTO PER MINORI<\/strong><strong>: I genitori che fanno domanda esclusivamente per conto dei figli<\/strong><u>, <\/u>devono\u00a0 selezionare \u201c<em>prenotazione per altre persone<\/em>\u201c, inserire i dati del minore e allegare il\u00a0<a href=\"https:\/\/consjohannesburg.esteri.it\/wp-content\/uploads\/2024\/08\/Atto-di-assenso-Pass-e-CIE-2024.pdf\">modulo d\u2019assenso<\/a>. Una volta prenotato l\u2019appuntamento, l\u2019utente ricever\u00e0 una e-mail automatica recante la lista dei requisiti da portare il giorno dell\u2019appuntamento e il costo del passaporto.<\/li>\n<li><strong>\u00c8 possibile<\/strong><strong> conoscere lo stato<\/strong><strong> della p<\/strong><strong>ratica<\/strong> consultando la pagina \u201cI miei appuntamenti\u201d sul portale Prenot@mi.<\/li>\n<\/ul>\n<p>&#8211; <strong>Stato <\/strong><strong>pratica <\/strong><strong>\u201cDa confermare\u201d<\/strong>: la pratica \u00e8 in lavorazione. Si prega di attendere l\u2019aggiornamento dello stato della pratica.<br \/>\n&#8211; <strong>Stato <\/strong><strong>pratica <\/strong><strong>\u201cConfermata\u201d<\/strong>: l\u2019appuntamento \u00e8 confermato. Il richiedente non dovr\u00e0 fare altro che presentarsi presso il Consolato Generale il giorno prescelto, portando con s\u00e9 i documenti necessari.<br \/>\n&#8211; <strong>Stato pratica \u201cCancellata\u201d<\/strong>: in caso di cancellazione dell\u2019appuntamento, entro 24 ore l\u2019utente ricever\u00e0 una email contenente le motivazioni del rigetto.<\/p>\n<p>Il richiedente dovr\u00e0 recarsi presso il Consolato Generale il giorno dell\u2019appuntamento per la rilevazione dei dati biometrici, portando con s\u00e9:<\/p>\n<ul>\n<li><strong>Due fotografie recenti a colori<\/strong>\u00a0(formato passaporto, sfondo bianco, assenza di ombre sul volto; cliccare\u00a0<a href=\"https:\/\/consjohannesburg.esteri.it\/wp-content\/uploads\/2023\/10\/ICAO-Standard.pdf\">qui<\/a>\u00a0per gli standard ICAO completi);<\/li>\n<li><strong>Documento di identit\u00e0<\/strong>: precedente passaporto italiano (se non \u00e8 possibile, portare altro documento o in corso di validit\u00e0, i.e.: ID sudafricana, patente di guida sudafricana);<\/li>\n<li><strong>Pagamento: <\/strong>da effettuarsi<strong>\u00a0in valuta locale (Rand)<\/strong>, presso il Consolato Generale (<strong>carta di debito<\/strong>\u00a0sudafricana, no carte di credito) o via EFT. I bonifici bancari devono essere effettuati almeno 3 giorni prima dell\u2019appuntamento (<a href=\"https:\/\/consjohannesburg.esteri.it\/wp-content\/uploads\/2023\/10\/STD-BANK-BANKING-DETAILS-CONFIRMATION.pdf\">cliccare\u00a0qui<\/a>\u00a0per le coordinate bancarie.\u00a0Indicare tassativamente il proprio cognome nella causale). La tariffa consolare viene aggiornata ogni tre mesi (<a href=\"https:\/\/consjohannesburg.esteri.it\/it\/servizi-consolari-e-visti\/servizi-per-il-cittadino-italiano\/altri-servizi\/\">cliccare qui per il tariffario corrente<\/a>). L\u2019importo sar\u00e0 indicato anche nella email automatica inviata dal portale in fase di prenotazione;<\/li>\n<li><strong>Atto d\u2019assenso<\/strong>\u00a0<strong>al rilascio del passaporto di un minore<\/strong>\u00a0(ove applicabile): i minori dovranno essere accompagnati tassativamente da un genitore (o chi ne fa le veci). \u00c8 in ogni caso preferibile che entrambi i genitori siano presenti.<br \/>\nSe uno dei due genitori \u00e8 impossibilitato a presentarsi il giorno dell\u2019appuntamento, dovr\u00e0 compilare l\u2019<a href=\"https:\/\/consjohannesburg.esteri.it\/wp-content\/uploads\/2024\/08\/Atto-di-assenso-Pass-e-CIE-2024.pdf\"><strong>atto di assenso<\/strong><\/a>\u00a0e firmarlo presso questo Consolato Generale nei giorni precedenti l\u2019appuntamento fissato. I\u00a0<strong>cittadini europei<\/strong> potranno inviare il <a href=\"https:\/\/consjohannesburg.esteri.it\/wp-content\/uploads\/2024\/08\/Atto-di-assenso-Pass-e-CIE-2024.pdf\">modulo<\/a> a <a href=\"mailto:johannesburg.pass@esteri.it\">johannesburg.pass@esteri.it<\/a>, allegando copia di un documento in corso di validit\u00e0.<\/li>\n<\/ul>\n<p><a href=\"https:\/\/prenotami.esteri.it\/\" target=\"_blank\" rel=\"attachment noopener wp-att-2058\"><img loading=\"lazy\" decoding=\"async\" class=\"img-fluid alignnone wp-image-2058 size-full\" src=\"https:\/\/consjohannesburg.esteri.it\/wp-content\/uploads\/2024\/01\/Prenotami-logo.jpg\" alt=\"\" width=\"474\" height=\"189\" srcset=\"https:\/\/consjohannesburg.esteri.it\/wp-content\/uploads\/2024\/01\/Prenotami-logo.jpg 474w, https:\/\/consjohannesburg.esteri.it\/wp-content\/uploads\/2024\/01\/Prenotami-logo-300x120.jpg 300w\" sizes=\"auto, (max-width: 474px) 100vw, 474px\" \/><\/a><\/p>\n<p>&nbsp;<\/p>\n<h6><strong>MODALIT\u00c1 DI RICHIESTA DEL PASSAPORTO PER ADULTI E MINORI PER RESIDENTI IN KWAZULU-NATAL<\/strong><\/h6>\n<p>Le domande di passaporto\u00a0<strong>devono essere presentate online<\/strong>, tramite il portale\u00a0<a href=\"https:\/\/prenotami.esteri.it\/\"><strong>Prenot@Mi<\/strong><\/a>, disponibile all\u2019indirizzo\u00a0<a href=\"https:\/\/prenotami.esteri.it\/\">https:\/\/prenotami.esteri.it<\/a>. Dopo la registrazione e la scelta del Consolato di riferimento, sar\u00e0 possibile prenotare gli appuntamenti a decorrere dalla prima data disponibile fissata dalla Sede.<\/p>\n<p>Per prenotare online occorre seguire la seguente procedura:<\/p>\n<ul>\n<li>Registrarsi su <a href=\"https:\/\/prenotami.esteri.it\/\">https:\/\/prenotami.esteri.it<\/a> e scegliere \u201cConsolato Generale d\u2019Italia Johannesburg\u201d come Consolato di riferimento;<\/li>\n<li>Una volta completata la registrazione, selezionare il tab &#8220;Prenota&#8221; dal menu orizzontale nella parte superione della schermata;<\/li>\n<li>Cliccare il bottone blu &#8220;PRENOTA&#8221; alla voce \u201cDocumenti di identit\u00e0\/viaggio &#8211; Passaporto &#8211; Appuntamenti KwaZulu-Natal\u201d;<\/li>\n<li>Selezionare il tipo di prenotazione desiderata e inserire i dati dei richiedenti. Infine, cliccare il bottone &#8220;AVANTI&#8221;;<\/li>\n<li>Selezionare la data desiderata dal calendario (le date disponibili sono contrassegnate in verde) e cliccare il bottone &#8220;PRENOTA&#8221;.<\/li>\n<\/ul>\n<p>Le richieste vengono processate in ordine cronologico e comunque entro tre giorni dalla data della prenotazione dell\u2019appuntamento.<\/p>\n<ul>\n<li><strong>COME <\/strong><strong>PRENOTARE <\/strong><strong>UN APPUNTAMENTO <\/strong><strong>CONGIUNTO <\/strong><strong>ADULTI E MINORI<\/strong><strong>:<br \/>\n<\/strong><span style=\"text-decoration: underline;\">I\u00a0genitori che vogliono fare domanda\u00a0<strong>insieme <\/strong>ai figli<\/span>, devono prenotare attraverso il Portale\u00a0<a href=\"https:\/\/prenotami.esteri.it\/\">Prenot@Mi<\/a>\u00a0, selezionare \u201c<em>prenotazione<\/em>\u00a0<em>multipla<\/em>\u201d e allegare il\u00a0<a href=\"https:\/\/consjohannesburg.esteri.it\/wp-content\/uploads\/2024\/08\/Atto-di-assenso-Pass-e-CIE-2024.pdf\">modulo d\u2019assenso<\/a>.<\/li>\n<li><strong>COME <\/strong><strong>PRENOTARE UN <\/strong><strong>APPUNTAMENTO PER MINORI<\/strong><strong>: I genitori che fanno domanda esclusivamente per conto dei figli<\/strong><u>, <\/u>devono\u00a0 selezionare \u201c<em>prenotazione per altre persone<\/em>\u201c, inserire i dati del minore e allegare il\u00a0<a href=\"https:\/\/consjohannesburg.esteri.it\/wp-content\/uploads\/2024\/08\/Atto-di-assenso-Pass-e-CIE-2024.pdf\">modulo d\u2019assenso<\/a>. Una volta prenotato l\u2019appuntamento, l\u2019utente ricever\u00e0 una e-mail automatica recante la lista dei requisiti da portare il giorno dell\u2019appuntamento e il costo del passaporto.<\/li>\n<\/ul>\n<ul>\n<li><strong>\u00c8 possibile<\/strong><strong> conoscere lo stato<\/strong><strong> della p<\/strong><strong>ratica<\/strong> consultando la pagina \u201cI miei appuntamenti\u201d sul portale Prenot@mi.<\/li>\n<\/ul>\n<p>&#8211; <strong>Stato <\/strong><strong>pratica <\/strong><strong>\u201cDa confermare\u201d<\/strong>: la pratica \u00e8 in lavorazione. Si prega di attendere l\u2019aggiornamento dello stato della pratica.<br \/>\n&#8211; <strong>Stato <\/strong><strong>pratica <\/strong><strong>\u201cConfermata\u201d<\/strong>: l\u2019appuntamento \u00e8 confermato. Il richiedente non dovr\u00e0 fare altro che presentarsi presso il Consolato Generale il giorno prescelto, portando con s\u00e9 i documenti necessari.<br \/>\n&#8211; <strong>Stato pratica \u201cCancellata\u201d<\/strong>: in caso di cancellazione dell\u2019appuntamento, entro 24 ore l\u2019utente ricever\u00e0 una email contenente le motivazioni del rigetto.<\/p>\n<p>Il richiedente dovr\u00e0 recarsi presso gli uffici siti in <strong>3 Meadway, Drummond, Outer West Durban, KwaZulu-Natal<\/strong>, portando con s\u00e9:<\/p>\n<ul>\n<li><strong>Due fotografie recenti a colori<\/strong>\u00a0(formato passaporto, sfondo bianco, assenza di ombre sul volto; cliccare\u00a0<a href=\"https:\/\/consjohannesburg.esteri.it\/wp-content\/uploads\/2023\/10\/ICAO-Standard.pdf\">qui<\/a>\u00a0per gli standard ICAO completi);<\/li>\n<li><strong>Documento di identit\u00e0<\/strong>: precedente passaporto italiano (se non \u00e8 possibile, portare altro documento o in corso di validit\u00e0, i.e.: ID sudafricana, patente di guida sudafricana);<\/li>\n<li><strong>Pagamento: <\/strong>da effettuarsi<strong>\u00a0in valuta locale (Rand)<\/strong>, presso il Consolato Generale (<strong>carta di debito<\/strong>\u00a0sudafricana, no carte di credito) o via EFT. I bonifici bancari devono essere effettuati almeno 3 giorni prima dell\u2019appuntamento (<a href=\"https:\/\/consjohannesburg.esteri.it\/wp-content\/uploads\/2023\/10\/STD-BANK-BANKING-DETAILS-CONFIRMATION.pdf\">cliccare\u00a0qui<\/a>\u00a0per le coordinate bancarie.\u00a0Indicare tassativamente il proprio cognome nella causale). La tariffa consolare viene aggiornata ogni tre mesi (<a href=\"https:\/\/consjohannesburg.esteri.it\/it\/servizi-consolari-e-visti\/servizi-per-il-cittadino-italiano\/altri-servizi\/\">cliccare qui per il tariffario corrente<\/a>). L\u2019importo sar\u00e0 indicato anche nella email automatica inviata dal portale in fase di prenotazione;<\/li>\n<li><strong>Atto d\u2019assenso<\/strong>\u00a0<strong>al rilascio del passaporto di un minore<\/strong>\u00a0(ove applicabile): i minori dovranno essere accompagnati tassativamente da un genitore (o chi ne fa le veci). \u00c8 in ogni caso preferibile che entrambi i genitori siano presenti.<br \/>\nSe uno dei due genitori \u00e8 impossibilitato a presentarsi il giorno dell\u2019appuntamento, dovr\u00e0 compilare l\u2019<a href=\"https:\/\/consjohannesburg.esteri.it\/wp-content\/uploads\/2024\/08\/Atto-di-assenso-Pass-e-CIE-2024.pdf\"><strong>atto di assenso<\/strong><\/a>\u00a0e firmarlo presso questo Consolato Generale nei giorni precedenti l\u2019appuntamento fissato. I\u00a0<strong>cittadini europei<\/strong> potranno inviare il <a href=\"https:\/\/consjohannesburg.esteri.it\/wp-content\/uploads\/2024\/08\/Atto-di-assenso-Pass-e-CIE-2024.pdf\">modulo<\/a> a <a href=\"mailto:johannesburg.pass@esteri.it\">johannesburg.pass@esteri.it<\/a>, allegando copia di un documento in corso di validit\u00e0.<\/li>\n<\/ul>\n<p>Per i cittadini non UE, impossibilitati a recarsi in cConsolato per il rilascio dell&#8217;assenso, potranno rivolgersi ad un notaio locale o ad altra autorita&#8217; pubblica riconosciuta (es. polizia).<\/p>\n<p>Si precisa che il passaporto verr\u00e0 stampato presso il Consolato Generale in Johannesburg e spedito al Console Onorario a Durban, presso il quale l\u2019interessato dovr\u00e0 ritirarlo.<\/p>\n<h6><strong>ASSENSO PER IL RILASCIO DEL PASSAPORTO IN PRESENZA DI FIGLI MINORI<\/strong><\/h6>\n<p>Si informano i connazionali, genitori di figli minori, che ai sensi del D.L. 69\/2023, a partire dal 14 giugno 2023 non sar\u00e0 pi\u00f9 necessario presentare l\u2019atto di assenso dell\u2019altro genitore ai fini del rilascio del proprio documento d\u2019identit\u00e0 (passaporto e CIE).<\/p>\n<p>Nello specifico, il novellato articolo 3-bis della L. 1185\/1967 indica che, quando vi \u00e8 concreto e attuale pericolo che a causa del trasferimento all&#8217;estero questo possa sottrarsi all&#8217;adempimento dei suoi obblighi verso i figli, sar\u00e0 possibile per l\u2019altro genitore richiedere una inibitoria al rilascio del documento.<\/p>\n<p>L\u2019istanza potr\u00e0 essere presentata presso il giudice competente presso il Tribunale ordinario in cui il minore ha la residenza abituale ovvero, se il minore \u00e8 residente all\u2019estero, il Tribunale nel cui circondario si trova il suo Comune di iscrizione AIRE.<br \/>\nAi fini del rilascio dei documenti per i minori, invece, resta l\u2019obbligo dell\u2019assenso firmato da entrambi i genitori o da chi esercita la responsabilit\u00e0 genitoriale.<\/p>\n","protected":false},"excerpt":{"rendered":"Il passaporto elettronico biometrico \u00e8 un documento di viaggio e di riconoscimento valido in tutti i Paesi il cui Governo \u00e8 riconosciuto dall\u2019Italia. Prima di programmare un viaggio, si prega di consultare il sito Viaggiare Sicuri per conoscere la validit\u00e0 residua del passaporto richiesta dal Paese di destinazione. La validit\u00e0 temporale del passaporto differisce in [&hellip;]","protected":false},"author":1,"featured_media":0,"parent":59,"menu_order":0,"comment_status":"closed","ping_status":"closed","template":"","meta":{"footnotes":""},"class_list":["post-67","page","type-page","status-publish","hentry"],"_links":{"self":[{"href":"https:\/\/consjohannesburg.esteri.it\/it\/wp-json\/wp\/v2\/pages\/67","targetHints":{"allow":["GET"]}}],"collection":[{"href":"https:\/\/consjohannesburg.esteri.it\/it\/wp-json\/wp\/v2\/pages"}],"about":[{"href":"https:\/\/consjohannesburg.esteri.it\/it\/wp-json\/wp\/v2\/types\/page"}],"author":[{"embeddable":true,"href":"https:\/\/consjohannesburg.esteri.it\/it\/wp-json\/wp\/v2\/users\/1"}],"replies":[{"embeddable":true,"href":"https:\/\/consjohannesburg.esteri.it\/it\/wp-json\/wp\/v2\/comments?post=67"}],"version-history":[{"count":7,"href":"https:\/\/consjohannesburg.esteri.it\/it\/wp-json\/wp\/v2\/pages\/67\/revisions"}],"predecessor-version":[{"id":8119,"href":"https:\/\/consjohannesburg.esteri.it\/it\/wp-json\/wp\/v2\/pages\/67\/revisions\/8119"}],"up":[{"embeddable":true,"href":"https:\/\/consjohannesburg.esteri.it\/it\/wp-json\/wp\/v2\/pages\/59"}],"wp:attachment":[{"href":"https:\/\/consjohannesburg.esteri.it\/it\/wp-json\/wp\/v2\/media?parent=67"}],"curies":[{"name":"wp","href":"https:\/\/api.w.org\/{rel}","templated":true}]}}