{"id":6443,"date":"2025-08-12T12:36:08","date_gmt":"2025-08-12T10:36:08","guid":{"rendered":"https:\/\/consjohannesburg.esteri.it\/?page_id=6443"},"modified":"2026-04-21T15:26:17","modified_gmt":"2026-04-21T13:26:17","slug":"caso-a-genitore-ha-risieduto-in-italia-almeno-due-anni-prima-della-nascita-documentazione-da-inviare","status":"publish","type":"page","link":"https:\/\/consjohannesburg.esteri.it\/it\/servizi-consolari-e-visti\/servizi-per-il-cittadino-italiano\/stato-civile\/registrazione-di-nascita-di-figli-minori\/caso-a-genitore-ha-risieduto-in-italia-almeno-due-anni-prima-della-nascita-documentazione-da-inviare\/","title":{"rendered":"CASO A) IL MINORE NON \u00c8 IN POSSESSO, N\u00c9 PU\u00d2 AVERE, ALTRA CITTADINANZA, CIO\u00c8 \u00c8 ESCLUSIVAMENTE CITTADINO ITALIANO \u2013 DOCUMENTAZIONE DA INVIARE."},"content":{"rendered":"<ul>\n<li><strong>Domanda di trascrizione atto di nascita (<\/strong><a href=\"https:\/\/consjohannesburg.esteri.it\/wp-content\/uploads\/2026\/04\/ISTANZA-TRASCRIZIONE-NASCITA-MINORI.pdf\"><strong>ISTANZA<\/strong><\/a><strong>)\u00a0<\/strong><u>debitamente compilato e firmato\u00a0<\/u>dai due genitori;<\/li>\n<li><strong>Atto di nascita integrale del minore<\/strong> (<em>unabridged birth certificate<\/em>) IMPORTANTE: L\u2019atto di nascita deve rimanere agli atti del Consolato e pertanto\u00a0non verr\u00e0 restituito;<\/li>\n<li><strong>Apostilla\u00a0cartacea (o legalizzazione consolare del Paese che ha rilasciato l\u2019atto\u00a0per i\u00a0<u>paesi non firmatari della Convenzione dell\u2019Aja del 1961<\/u>). Per i certificati sudafricani l\u2019Apostille deve essere rilasciata dal Department of International Relations and Cooperation (DIRCO). <\/strong><\/li>\n<li>Se il certificato non \u00e8 emesso dal Department of Home Affairs sudafricano,<strong> traduzione dell\u2019atto di nascita\u00a0in lingua italiana <\/strong>\u2013 non \u00e8 necessario tradurre l\u2019Apostilla.<\/li>\n<li><strong>Fotocopia del passaporto\u00a0o valido documento di identit\u00e0 dei genitori;<\/strong><\/li>\n<li>Se disponibili,\u00a0<strong>fotocopia di precedenti documenti di identit\u00e0\u00a0del genitore italiano<\/strong>, emessi durante il periodo di residenza in Italia.<\/li>\n<\/ul>\n","protected":false},"excerpt":{"rendered":"Domanda di trascrizione atto di nascita (ISTANZA)\u00a0debitamente compilato e firmato\u00a0dai due genitori; Atto di nascita integrale del minore (unabridged birth certificate) IMPORTANTE: L\u2019atto di nascita deve rimanere agli atti del Consolato e pertanto\u00a0non verr\u00e0 restituito; Apostilla\u00a0cartacea (o legalizzazione consolare del Paese che ha rilasciato l\u2019atto\u00a0per i\u00a0paesi non firmatari della Convenzione dell\u2019Aja del 1961). Per i [&hellip;]","protected":false},"author":7,"featured_media":0,"parent":6430,"menu_order":0,"comment_status":"closed","ping_status":"closed","template":"","meta":{"footnotes":""},"class_list":["post-6443","page","type-page","status-publish","hentry"],"_links":{"self":[{"href":"https:\/\/consjohannesburg.esteri.it\/it\/wp-json\/wp\/v2\/pages\/6443","targetHints":{"allow":["GET"]}}],"collection":[{"href":"https:\/\/consjohannesburg.esteri.it\/it\/wp-json\/wp\/v2\/pages"}],"about":[{"href":"https:\/\/consjohannesburg.esteri.it\/it\/wp-json\/wp\/v2\/types\/page"}],"author":[{"embeddable":true,"href":"https:\/\/consjohannesburg.esteri.it\/it\/wp-json\/wp\/v2\/users\/7"}],"replies":[{"embeddable":true,"href":"https:\/\/consjohannesburg.esteri.it\/it\/wp-json\/wp\/v2\/comments?post=6443"}],"version-history":[{"count":3,"href":"https:\/\/consjohannesburg.esteri.it\/it\/wp-json\/wp\/v2\/pages\/6443\/revisions"}],"predecessor-version":[{"id":8513,"href":"https:\/\/consjohannesburg.esteri.it\/it\/wp-json\/wp\/v2\/pages\/6443\/revisions\/8513"}],"up":[{"embeddable":true,"href":"https:\/\/consjohannesburg.esteri.it\/it\/wp-json\/wp\/v2\/pages\/6430"}],"wp:attachment":[{"href":"https:\/\/consjohannesburg.esteri.it\/it\/wp-json\/wp\/v2\/media?parent=6443"}],"curies":[{"name":"wp","href":"https:\/\/api.w.org\/{rel}","templated":true}]}}