{"id":6430,"date":"2025-08-12T12:30:54","date_gmt":"2025-08-12T10:30:54","guid":{"rendered":"https:\/\/consjohannesburg.esteri.it\/?page_id=6430"},"modified":"2026-04-21T16:00:10","modified_gmt":"2026-04-21T14:00:10","slug":"registrazione-di-nascita-di-figli-minori","status":"publish","type":"page","link":"https:\/\/consjohannesburg.esteri.it\/it\/servizi-consolari-e-visti\/servizi-per-il-cittadino-italiano\/stato-civile\/registrazione-di-nascita-di-figli-minori\/","title":{"rendered":"REGISTRAZIONE DI NASCITA DI FIGLI MINORI"},"content":{"rendered":"<p>NB. La richiesta di primo passaporto potr\u00e0 essere presentata all\u2019Ufficio Passaporti <u>solo dopo<\/u>\u00a0che l\u2019Ufficio di Stato Civile avr\u00e0 trasmesso l\u2019atto di nascita al competente Comune. Far\u00e0 fede la mail certificata che l\u2019Ufficio Stato Civile avr\u00e0 trasmesso al Comune, nella quale i genitori saranno inclusi in copia. Le richieste di trascrizione nascita e richiesta passaporto inviate insieme\u00a0<u>verranno restituite al mittente.<\/u><\/p>\n<p><strong>NUOVA NORMATIVA IN MATERIA DI REGISTRAZIONE DI NASCITA DI MINORENNI FIGLI DI GENITORI ITALIANI<\/strong><\/p>\n<p>La Legge n.74 del 23\/05\/2025, che ha convertito con modificazioni il decreto-legge n. 36 del 28\/03\/2025, ha riformato la\u00a0<a href=\"https:\/\/www.normattiva.it\/uri-res\/N2Ls?urn:nir:stato:legge:1992-02-05;91!vig=\">legge 5 febbraio 1992 n. 91<\/a>\u00a0introducendo importanti limitazioni alla trasmissione della cittadinanza italiana e di conseguenza anche alla procedura di trascrizione degli atti di nascita dei minori nati all\u2019estero.\u00a0<strong>Un minore nato all\u2019estero\u00a0da un genitore cittadino italiano\u00a0non \u00e8 automaticamente cittadino italiano.<\/strong><\/p>\n<p>Ai sensi della nuova normativa, egli\u00a0<strong>\u00e8 riconosciuto cittadino italiano\u00a0<\/strong><em>iure sanguinis<\/em>\u00a0(dalla nascita) solo se ricorre\u00a0<strong>almeno una delle seguenti casistiche<\/strong>:<\/p>\n<p><strong>CASO A)<\/strong><\/p>\n<p><strong>Il minore\u00a0non\u00a0<\/strong><strong>\u00e8 in possesso, n\u00e9 pu\u00f2 avere, altra cittadinanza, cio\u00e8 \u00e8\u00a0esclusivamente cittadino italiano<\/strong><\/p>\n<p>Si considera in possesso di un\u2019altra cittadinanza straniera il minore che:<\/p>\n<ul>\n<li>la acquisti\u00a0<em>iure sanguinis\u00a0<\/em>da uno dei genitori;<\/li>\n<li>la acquisti\u00a0<em>iure soli\u00a0<\/em><\/li>\n<li>la acquisti a seguito di una mera dichiarazione senza possibilit\u00e0 di diniego da parte dell\u2019autorit\u00e0 straniera competente (ad esempio per \u201ccittadinanza a seguito di opzione\u201d da effettuarsi per i figli nati all\u2019estero).<\/li>\n<\/ul>\n<p style=\"padding-left: 40px;\"><u>Documentazione richiesta<\/u>\u00a0<a href=\"https:\/\/consjohannesburg.esteri.it\/it\/servizi-consolari-e-visti\/servizi-per-il-cittadino-italiano\/stato-civile\/registrazione-di-nascita-di-figli-minori\/caso-a-genitore-ha-risieduto-in-italia-almeno-due-anni-prima-della-nascita-documentazione-da-inviare\/\"><strong>caso A)<\/strong><\/a><\/p>\n<p><strong>CASO B)<\/strong><\/p>\n<p><strong>Il genitore\u00a0cittadino italiano dalla nascita\u00a0ha risieduto in Italia\u00a0<u>per almeno 2 anni continuativi<\/u>\u00a0prima della data di nascita del figlio\/a,<\/strong><\/p>\n<p><strong>\u00a0oppure<\/strong><\/p>\n<p><strong>Il genitore cittadino ha acquisito la cittadinanza italiana (per naturalizzazione ecc.) e ha risieduto in Italia dopo l\u2019acquisizione della cittadinanza\u00a0<u>per almeno 2 anni continuativi<\/u>\u00a0prima della data di nascita del figlio\/a.<\/strong><\/p>\n<p>Non ha rilevanza la residenza in Italia\u00a0prima dell\u2019acquisto\u00a0della cittadinanza italiana, n\u00e9 la residenza in Italia del genitore straniero.<\/p>\n<p style=\"padding-left: 40px;\">Documentazione richiesta\u00a0<a href=\"https:\/\/consjohannesburg.esteri.it\/it\/servizi-consolari-e-visti\/servizi-per-il-cittadino-italiano\/stato-civile\/registrazione-di-nascita-di-figli-minori\/caso-b1-genitore-con-esclusiva-cittadinanza-italiana-documentazione-da-inviare\/\"><strong>caso B)<\/strong><\/a><\/p>\n<p><strong>CASO C)<\/strong><\/p>\n<p><strong>Al momento della nascita del minore un genitore o un nonno\/nonna possedeva (o possedeva al momento della morte) esclusivamente la cittadinanza italiana.<\/strong><\/p>\n<p><strong>(ATTENZIONE<\/strong>: Prima di riferirsi al caso 3), che richiede documentazione aggiuntiva rispetto ai casi precedenti,\u00a0<strong>verificare che non sussistano i requisiti relativi al caso B).<\/strong><\/p>\n<p style=\"padding-left: 40px;\">Documentazione richiesta\u00a0<a href=\"https:\/\/consjohannesburg.esteri.it\/it\/servizi-consolari-e-visti\/servizi-per-il-cittadino-italiano\/stato-civile\/registrazione-di-nascita-di-figli-minori\/caso-c-minore-che-non-e-in-possesso-ne-ha-diritto-ad-altra-cittadinanza-documentazione-da-inviare\/\"><strong>caso C)<\/strong><\/a><\/p>\n<p><strong>CASO D)<\/strong><\/p>\n<p><strong>Acquisto della cittadinanza per BENEFICIO DI LEGGE<\/strong><\/p>\n<div id=\"collapse7\" class=\"accordion-collapse collapse show\" role=\"region\" data-bs-parent=\"collapseDiv1\" aria-labelledby=\"heading6\">\n<div class=\"collapse-body p-7\">\n<p>Se il minore non rientra in una delle categorie sopra esposte (CASO 1, CASO 2, CASO 3) non \u00e8 \u201cautomaticamente italiano\u201d.\u00a0<strong>I figli minori di almeno un genitore CITTADINO ITALIANO PER NASCITA (iure sanguinis)\u00a0<\/strong>potrebbero per\u00f2 soddisfare i requisiti relativi all\u2019acquisto di cittadinanza per beneficio di legge (Art. 4, comma 1-bis, Legge 5 febbraio 1992, n. 91 e Art. 1, comma 1-ter, D.L. 36\/2025).<\/p>\n<p>Documentazione richiesta <a href=\"https:\/\/consjohannesburg.esteri.it\/wp-admin\/post.php?post=8541&amp;action=edit&amp;lang=it\">caso D)<\/a><\/p>\n<\/div>\n<\/div>\n<p><strong>ATTENZIONE<\/strong>!<\/p>\n<p>La responsabilit\u00e0 di fornire tali prove \u00e8\u00a0<strong>esclusivamente a carico del richiedente<\/strong>.<u>\u00a0Non sar\u00e0 ritenuta valida alcuna autodichiarazione<\/u>\u00a0sul mancato possesso di altra cittadinanza.<\/p>\n<p>********************************************<\/p>\n<p>Si invita a inoltrare la richiesta di trascrizione dell\u2019atto di nascita solo se in possesso di tutta la\u00a0<strong>documentazione necessaria per verificare il diritto alla cittadinanza italiana.<\/strong><\/p>\n<p><strong>Questo Consolato si riserva di chiedere eventuale documentazione integrativa<\/strong>.\u00a0In tal caso, le richieste ritenute incomplete saranno rifiutate con formale provvedimento di\u00a0<strong>preavviso di diniego ai sensi dell\u2019art. 10 bis della Legge 241\/1990<\/strong>, a seguito del quale\u00a0<u>il richiedente avr\u00e0 10 giorni di tempo per fornire eventuali osservazioni o documentazione integrativa.<\/u><\/p>\n<p style=\"text-align: center;\">\u00a0 \u00a0 \u00a0 \u00a0 \u00a0 \u00a0 \u00a0 \u00a0 \u00a0 \u00a0 \u00a0 \u00a0 **********************************************<\/p>\n<p><strong>IMPORTANTE:\u00a0qualora non si rientri in una delle categorie sopra esposte, si raccomanda di leggere le informazioni nella relativa pagina <span style=\"text-decoration: underline; color: #3366ff;\"><a style=\"color: #3366ff; text-decoration: underline;\" href=\"https:\/\/consjohannesburg.esteri.it\/it\/servizi-consolari-e-visti\/servizi-per-il-cittadino-straniero\/cittadinanza\/\">\u201c<\/a><\/span><\/strong><span style=\"text-decoration: underline; color: #3366ff;\"><strong>CITTADINANZA<\/strong><\/span><strong><span style=\"text-decoration: underline; color: #3366ff;\">\u201d<\/span> del nostro sito e verificare se si \u00e8 in possesso dei requisiti per richiedere la cittadinanza per \u201cbeneficio di legge\u201d.<\/strong><\/p>\n<p>______________________________________________________________________________<\/p>\n<p><strong>REQUISITI PER LA REGISTRAZIONE<\/strong><\/p>\n<p>Per poter richiedere la registrazione della nascita \u00e8 necessario possedere la cittadinanza italiana.<\/p>\n<p>Tuttavia si raccomanda di mantenere aggiornata la propria posizione anagrafica e di stato civile.<\/p>\n<p>_________________________________________________________________________<\/p>\n<p><strong>COME FARE RICHIESTA DI REGISTRAZIONE<\/strong>\u00a0<strong>TRAMITE CONSOLATO<\/strong><\/p>\n<p>Fissare un appuntamento tramite il Portale <a href=\"https:\/\/prenotami.esteri.it\/\">Prenot@mi<\/a><\/p>\n<p>Inviare gli tutta la documentazione necessaria compresa l&#8217;Istanza tramite il Corriere postale all\u2019indirizzo:<\/p>\n<p><strong>CONSOLATO GENERALE D\u2019ITALIA A JOHANNESBURG<\/strong><\/p>\n<p><strong>37 First Avenue, Houghton Estate, 2198, Johannesburg<\/strong><br \/>\n<strong>P.O. Box 46306, Orange Grove 2119<\/strong><\/p>\n<p><strong>Orario di funzionamento del servizio di informazioni telefoniche:<\/strong><\/p>\n<p>Tel 27 11 728 1392\/3 ext 2060, 2040 o 2080<strong> da luned\u00ed a venerd\u00ed dalle 11:30 alle 13:00<\/strong>.<\/p>\n<p>E-mail:<\/p>\n<ul>\n<li>la richiesta di trascrizione (<u>accertarsi che si tratti del\u00a0<\/u><strong>nuovo modulo aggiornato <a href=\"https:\/\/consjohannesburg.esteri.it\/wp-content\/uploads\/2026\/04\/ISTANZA-TRASCRIZIONE-NASCITA-MINORI.pdf\">ISTANZA<\/a><\/strong><\/li>\n<li>i documenti sopra richiesti;<\/li>\n<\/ul>\n<p>________________________________________________________________________<\/p>\n<p><strong>TEMPISTICHE E AVANZAMENTO DELLA PRATICA<\/strong><\/p>\n<p><strong>La richiesta di registrazione della nascita prevede i seguenti passaggi<\/strong>:<\/p>\n<p style=\"padding-left: 40px;\">1 Il richiedente trasmette la documentazione al Consolato<\/p>\n<p style=\"padding-left: 40px;\">2 Il Consolato registra e trasmette la nascita al Comune<\/p>\n<p style=\"padding-left: 40px;\">3 Il Comune trascrive la nascita nei propri registri.<\/p>\n<p>All\u2019arrivo in Consolato la domanda viene protocollata e valutata\u00a0<strong>in base all\u2019ordine cronologico di arrivo<\/strong>.<\/p>\n<p>In caso di documentazione errata o mancante, l\u2019Ufficio Stato Civile proceder\u00e0 ad inviare un \u201cpreavviso di diniego\u201d, come previsto dalla L. 241\/1990, dalla ricezione del quale i genitori avranno 10 giorni per presentare osservazioni. Se queste non saranno ritenute complete o soddisfacenti, il Consolato provveder\u00e0 ad emettere un \u201cProvvedimento di diniego\u201d.<\/p>\n<p>I tempi di trattazione dipendono\u00a0<strong>non solo dalla corretta presentazione della domanda<\/strong>\u00a0e dei suoi allegati, ma\u00a0<strong>anche dai\u00a0<u>certificati di cittadinanza e storico di residenza<\/u>\u00a0che il Consolato dovr\u00e0 richiedere<\/strong>\u00a0ad uno o pi\u00f9 comuni (a seconda delle casistiche individuali). Si rammenta che i Comuni possono prendere\u00a0<u>tempi anche molto lunghi<\/u>\u00a0per rispondere alle richieste.<\/p>\n<p>Al termine del procedimento, una volta che il Consolato sar\u00e0 in grado di inviare la richiesta di trascrizione dell\u2019atto di nascita al Comune di riferimento,\u00a0<strong>verr\u00e0 inviata ai genitori una notifica via email (si prega di controllare anche la casella di posta indesiderata)<\/strong>.\u00a0<u>Solo allora i genitori potranno eventualmente presentare una richiesta di passaporto per il minore.<\/u><\/p>\n<p>Per inviare una\u00a0<strong>comunicazione richiedendo informazioni sullo stato della pratica<\/strong>\u00a0si prega di attendere che siano\u00a0trascorse\u00a0<strong>almeno\u00a0<u>sedici settimane<\/u>.<\/strong><\/p>\n<p>Si rende oltremodo importante che\u00a0<strong>la domanda venga presentata completa di tutti i documenti e con la corretta indicazione del Caso da applicare,<\/strong>\u00a0per evitare restituzioni e rigetti che\u00a0<u>allungherebbero ulteriormente i tempi di trattazione<\/u>\u00a0per la propria domanda e per quella di altri connazionali.<\/p>\n<p><strong>NOTA BENE:<\/strong>\u00a0I certificati di nascita e tutta la documentazione qui inviata\u00a0<strong>devono restare agli atti del Consolato<\/strong>\u00a0e pertanto, una volta inviata al Comune la richiesta di trascrizione,\u00a0<strong>non verranno restituiti<\/strong>.<\/p>\n<p>________________________________________________________________________<\/p>\n<p><strong>ESITO E CONFERMA DELLA TRASCRIZIONE<\/strong><\/p>\n<p><strong>Il Comune registrer\u00e0 l\u2019atto nei propri registri anagrafici secondo le sue tempistiche di ufficio. In caso di rigetto, il Comune comunicher\u00e0 le motivazioni al Consolato tramite PEC, e il richiedente verr\u00e0 informato dell\u2019esito negativo.<\/strong><\/p>\n<p>Una volta che avrete ricevuto in copia dal Consolato la notifica della trasmissione del certificato inviata al Comune, il Consolato avr\u00e0 concluso le operazioni di sua competenza.<\/p>\n<p>Per\u00a0<strong>aggiornamenti sulla trascrizione<\/strong>, \u00e8 possibile:<\/p>\n<ul>\n<li><strong>Contattare direttamente il Comune AIRE di competenza<\/strong>; i contatti email e telefonici sono disponibili sulla homepage del Comune.<\/li>\n<li><strong>Verificare l\u2019aggiornamento della propria scheda anagrafica\u00a0<\/strong>sul portale dell\u2019<u>A<\/u>nagrafe\u00a0<u>N<\/u>azionale della\u00a0<u>P<\/u>opolazione\u00a0<u>R<\/u>esidente<strong>\u00a0(<\/strong><a href=\"https:\/\/www.anagrafenazionale.interno.it\/\"><strong>ANPR<\/strong><\/a><strong>)<\/strong>, accessibile tramite il Sistema Pubblico di Identit\u00e0 Digitale (SPID) o Carta di Identit\u00e0 Elettronica (CIE). Per maggiori informazioni su come ottenere lo SPID o su come richiedere la CIE, visitare i seguenti link:\u00a0<a href=\"https:\/\/www.spid.gov.it\/en\/what-is-spid\/\">Cos\u2019\u00e9 lo SPID e come si ottiene;\u00a0<\/a><a href=\"https:\/\/consjohannesburg.esteri.it\/it\/servizi-consolari-e-visti\/servizi-per-il-cittadino-italiano\/carta-didentita-elettronica-c-i-e\/\">Come richiedere la carta di identit\u00e0 elettronica<\/a><a href=\"https:\/\/conslondra.esteri.it\/it\/servizi-consolari-e-visti\/servizi-per-il-cittadino-italiano\/spid\/\">).<\/a><\/li>\n<\/ul>\n<p>&nbsp;<\/p>\n<p>&nbsp;<\/p>\n","protected":false},"excerpt":{"rendered":"NB. La richiesta di primo passaporto potr\u00e0 essere presentata all\u2019Ufficio Passaporti solo dopo\u00a0che l\u2019Ufficio di Stato Civile avr\u00e0 trasmesso l\u2019atto di nascita al competente Comune. Far\u00e0 fede la mail certificata che l\u2019Ufficio Stato Civile avr\u00e0 trasmesso al Comune, nella quale i genitori saranno inclusi in copia. Le richieste di trascrizione nascita e richiesta passaporto inviate [&hellip;]","protected":false},"author":7,"featured_media":0,"parent":86,"menu_order":0,"comment_status":"closed","ping_status":"closed","template":"","meta":{"footnotes":""},"class_list":["post-6430","page","type-page","status-publish","hentry"],"_links":{"self":[{"href":"https:\/\/consjohannesburg.esteri.it\/it\/wp-json\/wp\/v2\/pages\/6430","targetHints":{"allow":["GET"]}}],"collection":[{"href":"https:\/\/consjohannesburg.esteri.it\/it\/wp-json\/wp\/v2\/pages"}],"about":[{"href":"https:\/\/consjohannesburg.esteri.it\/it\/wp-json\/wp\/v2\/types\/page"}],"author":[{"embeddable":true,"href":"https:\/\/consjohannesburg.esteri.it\/it\/wp-json\/wp\/v2\/users\/7"}],"replies":[{"embeddable":true,"href":"https:\/\/consjohannesburg.esteri.it\/it\/wp-json\/wp\/v2\/comments?post=6430"}],"version-history":[{"count":6,"href":"https:\/\/consjohannesburg.esteri.it\/it\/wp-json\/wp\/v2\/pages\/6430\/revisions"}],"predecessor-version":[{"id":8546,"href":"https:\/\/consjohannesburg.esteri.it\/it\/wp-json\/wp\/v2\/pages\/6430\/revisions\/8546"}],"up":[{"embeddable":true,"href":"https:\/\/consjohannesburg.esteri.it\/it\/wp-json\/wp\/v2\/pages\/86"}],"wp:attachment":[{"href":"https:\/\/consjohannesburg.esteri.it\/it\/wp-json\/wp\/v2\/media?parent=6430"}],"curies":[{"name":"wp","href":"https:\/\/api.w.org\/{rel}","templated":true}]}}