{"id":6277,"date":"2025-07-15T15:09:59","date_gmt":"2025-07-15T13:09:59","guid":{"rendered":"https:\/\/consjohannesburg.esteri.it\/?page_id=6277"},"modified":"2026-04-23T15:57:27","modified_gmt":"2026-04-23T13:57:27","slug":"acquisto-cittadinanza-per-matrimonio-unione-civile","status":"publish","type":"page","link":"https:\/\/consjohannesburg.esteri.it\/it\/servizi-consolari-e-visti\/servizi-per-il-cittadino-straniero\/cittadinanza\/acquisto-cittadinanza-per-matrimonio-unione-civile\/","title":{"rendered":"ACQUISTO CITTADINANZA PER MATRIMONIO\/UNIONE CIVILE"},"content":{"rendered":"<p style=\"text-align: justify;\"><strong>CHI PU\u00d2 PRESENTARE LA DOMANDA<\/strong><\/p>\n<p style=\"text-align: justify;\">La persona straniera coniugata\/unita civilmente con cittadino italiano che desideri acquistare la cittadinanza italiana pu\u00f2 farne richiesta se sussistono le seguenti condizioni:<\/p>\n<ul style=\"text-align: justify;\">\n<li>\u00e8 residente presso la circoscrizione consolare: Province del Free State, Gauteng (con esclusione dell&#8217;area metropolitana della citt\u00e0 di Tshwane), KwaZulu Natal, Limpopo, Mpumalanga e Nord Ovest;<\/li>\n<li>sono trascorsi almeno 3 anni dalla data del matrimonio \/ unione civile (tale periodo \u00e8 ridotto a diciotto mesi in presenza di figli, anche adottati). Si ricorda che il vincolo del matrimonio\/unione civile\u00a0deve permanere fino al momento del giuramento di fedelt\u00e0 alla Repubblica Italiana, che pu\u00f2 avvenire entro un periodo di tempo fino a 3 anni dalla presentazione della domanda.<\/li>\n<\/ul>\n<p style=\"text-align: justify;\"><strong>DOCUMENTI NECESSARI PER LA RICHIESTA DI CITTADINANZA<\/strong><\/p>\n<ul style=\"text-align: justify;\">\n<li style=\"list-style-type: none;\">\n<ul>\n<li><strong>Estratto dell\u2019atto di nascita\u00a0<\/strong>o equivalente: in originale, rilasciato possibilmente da non oltre sei mesi dal Paese in cui si \u00e8 nati, completo di tutte le generalit\u00e0 (incluse paternit\u00e0 e maternit\u00e0 ed eventuali annotazioni), debitamente legalizzato\/apostillato e tradotto in lingua italiana. La traduzione in italiano deve essere certificata dall\u2019Ambasciata\/Consolato competente o legalizzata con Apostille;<\/li>\n<li><strong>Certificato Penale\u00a0<\/strong>del Paese di origine e degli eventuali Paesi terzi di residenza (a partire dai 14 anni d\u2019et\u00e0) \u2013 tranne l\u2019Italia \u2013 e dei Paesi di cui si possiede la cittadinanza, in originale, rilasciato inderogabilmente da non oltre sei mesi prima della presentazione della domanda, debitamente legalizzato\/apostillato e tradotto in lingua italiana. La traduzione in italiano deve essere certificata dall\u2019Ambasciata\/Consolato competente o legalizzata con Apostille. Il richiedente \u00e8 esonerato dal presentare il certificato penale del Paese di origine solo se lo ha lasciato prima del compimento dei 14 anni e non ne ha conservato la cittadinanza.<\/li>\n<li><strong>Ricevuta del versamento del contributo di euro 250,00<\/strong>a favore del Ministero dell\u2019Interno, con l\u2019indicazione del NOME e COGNOME del richiedente la cittadinanza, da effettuare a favore del Ministero dell\u2019Interno sul conto corrente postale intestato a:<strong>\u201cMinistero dell\u2019Interno D.L.C.I Cittadinanza\u201d<\/strong><br \/>\n<strong>Nome della Banca: Poste Italiane S.p.A.<\/strong><br \/>\n<strong>Indirizzo: Viale Europa 175 &#8211; Roma<\/strong><br \/>\n<strong>IBAN: IT54D0760103200000000809020<\/strong><br \/>\n<strong>Motivo della rimessa: Richiesta cittadinanza per matrimonio\/unione civile<\/strong><br \/>\n<strong>BIC \/ SWIFT CODE di Poste Italiane: BPPIITRRXX<\/strong><br \/>\n<strong>Euro 250,00\u00a0<\/strong><\/li>\n<li><strong>Documento di identit\u00e0<\/strong>: fotocopia del passaporto in corso di validit\u00e0 (pagine con i dati personali, fotografia, date di rilascio e scadenza);<\/li>\n<li><strong>Copia dell\u2019atto di matrimonio\/unione civile integrale o estratto per riassunto dai registri dell\u2019 atto di matrimonio\/unione civile<\/strong>, da richiedere al competente Comune italiano in cui l\u2019atto risulta trascritto, possibilmente rilasciato da non oltre sei mesi. NOTA BENE: Qualora il richiedente sia un cittadino UE, potr\u00e0 avvalersi dell\u2019autocertificazione ai sensi del DPR 445\/2000.<\/li>\n<li><strong>Certificato di conoscenza della lingua italiana<\/strong>non inferiore al livello B1 del Quadro Comune Europeo di Riferimento (QCER). Le certificazioni ammesse sono esclusivamente le seguenti:\n<ul>\n<li>PLIDA della Societ\u00e0 Dante Alighieri<\/li>\n<li>CertIt dell\u2019Universit\u00e0 Roma Tre<\/li>\n<li>CILS dell\u2019Universit\u00e0 per stranieri di Siena<\/li>\n<li>CELI dell\u2019Universit\u00e0 per stranieri di Perugia<\/li>\n<li>Ce.Co.L dell\u2019Universit\u00e0 per stranieri di Reggio Calabria<\/li>\n<\/ul>\n<p>Altre certificazioni provenienti dai suddetti Enti o da altre istituzioni non sono idonee e non potranno essere accettate.<\/p>\n<p>Non sono, invece, tenuti alla presentazione del titolo di conoscenza della lingua italiana:<\/p>\n<ul>\n<li>Gli stranieri (anche se residenti all\u2019estero) che abbiano sottoscritto l\u2019Accordo di integrazione di cui all\u2019art. 4 bis del D.Lgs. n. 286\/1998 Testo Unico Immigrazione.<\/li>\n<li>I titolari di permesso di soggiorno per soggiornanti di lungo periodo UE (o CE) di cui all\u2019articolo 9 del medesimo Testo Unico (anche se residenti all\u2019estero), solo se rilasciato dalle Autorit\u00e0 italiane. I permessi di soggiorno per motivi familiari o quelli emessi da altri Stati non sono idonei.<\/li>\n<li>Coloro che hanno conseguito un titolo di studio emesso da un istituto di istruzione pubblico o paritario riconosciuto dal Ministero dell\u2019Istruzione, dell\u2019Universit\u00e0 e della Ricerca e\/o dal Ministero degli Affari Esteri e della Cooperazione internazionale.<\/li>\n<\/ul>\n<\/li>\n<\/ul>\n<\/li>\n<\/ul>\n<p style=\"text-align: justify;\">Per ottenere tale certificazione <strong>in Sudafrica<\/strong> e per avere un sostegno qualificato per apprendere l\u2019italiano, \u00e8 possibile rivolgersi ai Comitati della Societ\u00e0 Dante Alighieri presenti a <a href=\"https:\/\/dantejhb.com\/\">Johannesburg<\/a>, <a href=\"https:\/\/www.dantedurban.com\/\">Durban<\/a>, <a href=\"https:\/\/www.dantepietermaritzburg.com\/\">Pietermaritzburg<\/a> e <a href=\"http:\/\/ladante.co.za\/\">Citt\u00e0 del Capo<\/a>, oppure contattare l\u2019<a href=\"https:\/\/iicpretoria.esteri.it\/iic_pretoria\/it\/\">Istituto Italiano di Cultura<\/a> di Pretoria.<\/p>\n<p style=\"text-align: justify;\">All\u2019indirizzo\u00a0<a href=\"http:\/\/www.scuoleditaliano.it\/prova-il-tuo-italiano\">http:\/\/www.scuoleditaliano.it\/prova-il-tuo-italiano<\/a>\u00a0si pu\u00f2 verificare gratuitamente la conoscenza del proprio italiano.<\/p>\n<p style=\"text-align: justify;\"><strong>Prima della presentazione della domanda, si consiglia di leggere la Section 6(2) Act 88 of 1995 of the South African Citizenship Law per verificare gli effetti che l\u2019acquisto di un\u2019altra cittadinanza puo&#8217; avere sulla propria cittadinanza sudafricana e per informazioni su come ottenere dal Department of Home Affairs sudafricano la lettera \u201cRetention of South African citizenship\u201d.<\/strong><\/p>\n<p style=\"text-align: justify;\">Le domande di acquisto di cittadinanza per matrimonio\/unione civile devono essere presentate online direttamente dagli interessati attraverso il<strong>\u00a0portale CIVES<\/strong>\u00a0del\u00a0<strong>Ministero dell\u2019Interno.<\/strong><\/p>\n<p style=\"text-align: justify;\"><strong>Per il pagamento dei diritti consolari relativi ai documenti da presentare a corredo della domanda, la persona interessata dovr\u00e0 presentarsi personalmente presso il Consolato Generale d\u2019Italia a Johannesburg.<\/strong><\/p>\n<p style=\"text-align: justify;\">Per\u00a0<strong>ricevere le credenziali personali di accesso<\/strong>\u00a0al Portale, occorre registrarsi sul sito\u00a0<a href=\"https:\/\/portaleservizi.dlci.interno.it\/\">https:\/\/portaleservizi.dlci.interno.it\/<\/a>. Per accedere al portale, <a href=\"https:\/\/www.interno.gov.it\/it\/temi\/cittadinanza-e-altri-diritti-civili\/cittadinanza\/cittadinanza-invia-tua-domanda\">cliccare qui<\/a>.<\/p>\n<p style=\"text-align: justify;\">\n<p style=\"text-align: justify;\"><strong>PROCEDURA<\/strong><\/p>\n<p style=\"text-align: justify;\"><strong><a name=\"Fase1\"><\/a>FASE 1 \u2013 REGISTRAZIONE E INSERIMENTO ISTANZA<\/strong><\/p>\n<p style=\"text-align: justify;\"><strong>Il richiedente residente all\u2019estero dovr\u00e0 effettuare la registrazione sul portale del Ministero dell\u2019Interno (<a href=\"https:\/\/portaleservizi.dlci.interno.it\/AliCittadinanza\/ali\/home.htm\">https:\/\/portaleservizi.dlci.interno.it\/AliCittadinanza\/ali\/home.htm<\/a>) senza l\u2019utilizzo di SPID ma con il proprio indirizzo e-mail.<\/strong><\/p>\n<p style=\"text-align: justify;\">Si precisa che l\u2019indirizzo email dichiarato sul portale in fase di inoltro della domanda on line costituisce domicilio eletto (art. 47 c.c.), si rende pertanto necessaria una frequente consultazione della propria email in quanto tutte le comunicazioni relative alla domanda di cittadinanza, ivi comprese richieste di integrazione documentale, convocazioni, notifiche di provvedimenti, ecc. avverranno UNICAMENTE tramite canale informatico.<\/p>\n<p style=\"text-align: justify;\"><strong>Il richiedente \u00e8 tenuto a registrare i propri dati con la massima attenzione in quanto questi non potranno essere modificati e, in caso di errore, si dovr\u00e0 procedere ad una nuova registrazione con altro indirizzo e-mail<\/strong>. In particolare, andranno riportate le generalit\u00e0 indicate nell\u2019atto di nascita (incluse eventuali annotazioni) e\/o in atti e documenti formati all\u2019estero dalle competenti autorit\u00e0 straniere (quali atti di matrimonio, documenti d\u2019identit\u00e0, sentenze di cambio nome\/cognome, etc.). In caso di discordanze, il richiedente \u00e8 tenuto a fornire opportuna documentazione giustificativa.<\/p>\n<p style=\"text-align: justify;\">Nella domanda dovr\u00e0 essere dichiarata l\u2019eventuale convivenza di figli minori del\/della richiedente, nati da una precedente relazione.<\/p>\n<p style=\"text-align: justify;\">Nella sezione \u201c<strong>DICHIARAZIONE DI RESIDENZA<\/strong>\u201d (Residenze in Italia e\/o nel Paese di origine e\/o in qualsiasi altro Paese diverse da quella attuale) del modulo AE, \u00a0si prega di inserire i precedenti indirizzi di residenza, in ordine cronologico e completo, dall\u2019et\u00e0 di 14 anni fino alla residenza precedente a quella attuale, che va invece inserita alla sezione \u201c<strong>DATI DI RESIDENZA DEL RICHIEDENTE<\/strong>\u201d.<\/p>\n<p style=\"text-align: justify;\">Non andranno riportati caratteri o segni speciali (per esempio la cediglia, accenti acuti o gravi all\u2019interno della parola, accenti circonflessi, etc.). Sar\u00e0 possibile inserire solo l\u2019accento sull\u2019ultima lettera utilizzando l\u2019apostrofo, qualora ci sia anche nella lingua di origine.<\/p>\n<p style=\"text-align: justify;\"><strong><a name=\"Fase2\"><\/a>FASE 2 \u2013 VERIFICA CONSOLARE<\/strong><\/p>\n<p style=\"text-align: justify;\">L\u2019Ufficio Consolare sar\u00e0 automaticamente informato della presentazione della domanda e proceder\u00e0 alle necessarie VERIFICHE.<\/p>\n<p style=\"text-align: justify;\">Il richiedente ricever\u00e0 quindi, in modalit\u00e0 telematica tramite il portale del Ministero dell\u2019Interno, una comunicazione relativa all\u2019accettazione o al motivo dell\u2019inammissibilit\u00e0.<\/p>\n<p style=\"text-align: justify;\">In caso di rifiuto della domanda, si potr\u00e0 ripresentare la domanda avendo cura di sanare gli errori indicati nel rifiuto stesso e si potranno riutilizzare i pagamenti gi\u00e0 effettuati, se si ripresenta la domanda entro un anno.<\/p>\n<p style=\"text-align: justify;\">In caso di accettazione della domanda, il richiedente sar\u00e0 convocato, per via telematica, presso la Rappresentanza diplomatico-consolare per l\u2019autentica della firma apposta sulla domanda di cittadinanza, per la consegna di tutta la documentazione cartacea IN ORIGINALE, ivi compresa quella gi\u00e0 trasmessa per via telematica tramite il Portale, per la riscossione o verifica dell\u2019avvenuto pagamento delle percezioni consolari previste.<\/p>\n<p style=\"text-align: justify;\">Tutta la documentazione di cui sopra sar\u00e0 conservata in originale dalla Rappresentanza diplomatico-consolare, ad eccezione del passaporto e del certificato linguistico, per i quali verr\u00e0 effettuata una copia conforme con relativi pagamenti.<\/p>\n<p style=\"text-align: justify;\"><strong><a name=\"Fase3\"><\/a>FASE 3 \u2013 VALUTAZIONE e TERMINI DEL PROCEDIMENTO<\/strong><\/p>\n<p style=\"text-align: justify;\">La valutazione della domanda e la definizione del procedimento sono di esclusiva competenza del Ministero dell\u2019Interno, entro 24 mesi dalla data di presentazione della domanda, prorogabili fino al massimo di 36 mesi. Qualora al termine della valutazione della pratica il procedimento si concluda positivamente, il Ministero dell\u2019Interno invier\u00e0 il decreto di conferimento della cittadinanza italiana alla Rappresentanza diplomatico-consolare competente per residenza dell\u2019interessato\/a.<\/p>\n<p style=\"text-align: justify;\"><strong><a name=\"Fase4\"><\/a>FASE 4 \u2013 DECRETO, NOTIFICA E GIURAMENTO<\/strong><\/p>\n<p style=\"text-align: justify;\">Il Decreto di conferimento della cittadinanza italiana verr\u00e0 notificato \u2013 tramite portale \u2013 con comunicazione indirizzata all\u2019email indicata dal richiedente in fase di registrazione. All\u2019atto della notifica verranno altres\u00ec richiesti documenti \u2013 previsti dalla normativa nazionale \u2013 volti a verificare la permanenza del vincolo coniugale. Tali documenti devono avere data successiva all\u2019adozione del decreto:<\/p>\n<ul style=\"text-align: justify;\">\n<li style=\"list-style-type: none;\">\n<ul>\n<li style=\"list-style-type: none;\">\n<ul>\n<li>atto integrale di matrimonio rilasciato dal competente Comune italiano;<\/li>\n<li>certificato penale del Paese di attuale residenza, debitamente legalizzato e tradotto (vedi sezione documenti).<\/li>\n<\/ul>\n<\/li>\n<\/ul>\n<\/li>\n<\/ul>\n<p style=\"text-align: justify;\">Alla data di adozione del decreto, quindi, non deve essere intervenuto lo scioglimento, l\u2019annullamento o la cessazione degli effetti civili del matrimonio o dell\u2019unione civile n\u00e9 la separazione personale (sentenza di separazione).<\/p>\n<p style=\"text-align: justify;\">Entro e non oltre sei mesi dalla notifica, l\u2019interessato verr\u00e0 convocato presso gli uffici consolari, per prestare giuramento di fedelt\u00e0 alla Repubblica e alle sue leggi. Il termine di sei mesi \u00e8 tassativo, decorso il quale si perder\u00e0 il diritto al conseguimento della cittadinanza.<\/p>\n<p style=\"text-align: justify;\">L\u2019atto integrale di matrimonio va richiesto al Comune italiano nei cui registri l\u2019atto risulta trascritto; il certificato penale si richiede alle Autorit\u00e0 competenti nel paese di residenza e\u00a0 \u00a0 \u00a0 \u00a0 \u00a0 \u00a0 \u00a0 \u00a0 \u00a0 \u00a0 \u00a0 \u00a0 \u00a0 \u00a0dovr\u00e0 essere in regola con le disposizioni in materia di legalizzazione\/apostille e traduzione.<\/p>\n<p style=\"text-align: justify;\">La persona interessata prester\u00e0 giuramento di fedelt\u00e0 alla Repubblica italiana pronunciando le parole:<\/p>\n<p style=\"text-align: justify;\">\u201cGIURO DI ESSERE FEDELE ALLA REPUBBLICA E DI OSSERVARE LA\u00a0<a href=\"https:\/\/www.cortecostituzionale.it\/documenti\/download\/pdf\/Costituzione_della_Repubblica_italiana.pdf\">COSTITUZIONE<\/a>\u00a0E LE LEGGI DELLO STATO\u201d<\/p>\n<p style=\"text-align: justify;\">Gli effetti del giuramento, ovvero l\u2019acquisto della cittadinanza italiana, saranno efficaci a partire dal giorno successivo a quello del giuramento.<\/p>\n<p style=\"text-align: justify;\">Il certificato di nascita originale sar\u00e0 inviato per la trascrizione al Comune italiano di riferimento insieme alla richiesta di iscrizione all\u2019AIRE e al verbale dell\u2019avvenuto giuramento.<\/p>\n<p style=\"text-align: justify;\">\n","protected":false},"excerpt":{"rendered":"CHI PU\u00d2 PRESENTARE LA DOMANDA La persona straniera coniugata\/unita civilmente con cittadino italiano che desideri acquistare la cittadinanza italiana pu\u00f2 farne richiesta se sussistono le seguenti condizioni: \u00e8 residente presso la circoscrizione consolare: Province del Free State, Gauteng (con esclusione dell&#8217;area metropolitana della citt\u00e0 di Tshwane), KwaZulu Natal, Limpopo, Mpumalanga e Nord Ovest; sono trascorsi [&hellip;]","protected":false},"author":7,"featured_media":0,"parent":96,"menu_order":0,"comment_status":"closed","ping_status":"closed","template":"","meta":{"footnotes":""},"class_list":["post-6277","page","type-page","status-publish","hentry"],"_links":{"self":[{"href":"https:\/\/consjohannesburg.esteri.it\/it\/wp-json\/wp\/v2\/pages\/6277","targetHints":{"allow":["GET"]}}],"collection":[{"href":"https:\/\/consjohannesburg.esteri.it\/it\/wp-json\/wp\/v2\/pages"}],"about":[{"href":"https:\/\/consjohannesburg.esteri.it\/it\/wp-json\/wp\/v2\/types\/page"}],"author":[{"embeddable":true,"href":"https:\/\/consjohannesburg.esteri.it\/it\/wp-json\/wp\/v2\/users\/7"}],"replies":[{"embeddable":true,"href":"https:\/\/consjohannesburg.esteri.it\/it\/wp-json\/wp\/v2\/comments?post=6277"}],"version-history":[{"count":4,"href":"https:\/\/consjohannesburg.esteri.it\/it\/wp-json\/wp\/v2\/pages\/6277\/revisions"}],"predecessor-version":[{"id":8741,"href":"https:\/\/consjohannesburg.esteri.it\/it\/wp-json\/wp\/v2\/pages\/6277\/revisions\/8741"}],"up":[{"embeddable":true,"href":"https:\/\/consjohannesburg.esteri.it\/it\/wp-json\/wp\/v2\/pages\/96"}],"wp:attachment":[{"href":"https:\/\/consjohannesburg.esteri.it\/it\/wp-json\/wp\/v2\/media?parent=6277"}],"curies":[{"name":"wp","href":"https:\/\/api.w.org\/{rel}","templated":true}]}}