{"id":4880,"date":"2024-10-30T11:37:03","date_gmt":"2024-10-30T09:37:03","guid":{"rendered":"https:\/\/consjohannesburg.esteri.it\/?page_id=4880"},"modified":"2025-09-03T14:13:29","modified_gmt":"2025-09-03T12:13:29","slug":"titoli-di-studio-e-dichiarazione-di-valore-in-loco","status":"publish","type":"page","link":"https:\/\/consjohannesburg.esteri.it\/it\/servizi-consolari-e-visti\/servizi-per-il-cittadino-italiano\/titoli-di-studio-e-dichiarazione-di-valore-in-loco\/","title":{"rendered":"Titoli di Studio e Dichiarazione di Valore in Loco"},"content":{"rendered":"<p style=\"text-align: justify;\"><a href=\"https:\/\/consjohannesburg.esteri.it\/it\/italia-e-sud-africa\/diplomazia-culturale\/lingua-e-cultura-italiana\/\">Cliccare qui per informazioni su corsi di lingua italiana, studiare in Italia, borse di studio.<\/a><\/p>\n<h6 style=\"text-align: justify;\">DICHIARAZIONE DI VALORE IN LOCO<\/h6>\n<p style=\"text-align: justify;\">La procedura di riconoscimento in Italia dei titoli di studio sudafricani, sia per il proseguimento degli studi (Scuola\/Universit\u00e0), che per fini lavorativi, prevede da parte del Consolato d\u2019Italia territorilmente competente il rilascio della \u201cDichiarazione di Valore in Loco\u201d.<\/p>\n<p style=\"text-align: justify;\">In tale documento, rilasciato esclusivamente a completamento del relativo ciclo di studio (es.: Bachelor, Master, etc.), il Consolato dichiara il valore dei titoli di studio\/professionali conseguiti in Sud Africa con riferimento all\u2019ordinamento locale.<\/p>\n<p style=\"text-align: justify;\"><strong>La Dichiarazioni di Valore non corrisponde ad un certificato d\u2019equipollenza o equivalenza<\/strong>.<br \/>\nSaranno poi le competenti Amministrazioni italiane (Ministero dell\u2019Istruzione, Ministero dell\u2019Universit\u00e0 e della Ricerca, Uffici Scolastici Provinciali, Universit\u00e0, ecc.) a dichiarare l\u2019equipollenza dei titoli stranieri ad analoghi titoli italiani.<\/p>\n<p style=\"text-align: justify;\">La Dichiarazione di Valore in Loco viene\u00a0<strong>rilasciata gratuitamente<\/strong>\u00a0solo se \u00e8 finalizzata al\u00a0<strong>proseguimento degli studi<\/strong>.<br \/>\nPossono usufruirne i cittadini stranieri, indipendentemente dalla residenza, e i cittadini italiani residenti all\u2019estero in grado di dimostrare la propria residenza all\u2019estero al momento della domanda (es.: iscrizione all\u2019AIRE, intestazione e pagamento di utenze, estratto conto bancario) e allegare\u00a0<strong>prova di iscrizione all\u2019Universit\u00e0 italiana<\/strong>.<\/p>\n<p style=\"text-align: justify;\">\n<h6 style=\"text-align: justify;\">CHI PUO&#8217; RICHIEDERE LA DICHIARAZIONE DI VALORE?<\/h6>\n<p style=\"text-align: justify;\">I cittadini italiani e stranieri residenti nella circoscrizione consolare.<\/p>\n<p style=\"text-align: justify;\">\n<h6 style=\"text-align: justify;\"><strong>MODALIT\u00c0 DI PRESENTAZIONE DELLA DOMANDA:<\/strong><\/h6>\n<p style=\"text-align: justify;\">I documenti obbligatori necessari dovranno essere scansionati e anticipati a mezzo posta elettronica all\u2019Ufficio Scuola (<a href=\"mailto:scuola.johannesburg@esteri.it\">scuola.johannesburg@esteri.it<\/a>).<\/p>\n<p style=\"text-align: justify;\">Una volta verificatane la conguit\u00e0 con i requisiti necessari, i\u00a0<strong>documenti originali<\/strong>\u00a0potranno essere consegnati, a mano o via corriere prepagato, presso il Consolato Generale,\u00a0<strong>dal luned\u00ec al venerd\u00ec dalle 9:00 alle 13:00<\/strong>.<\/p>\n<p style=\"text-align: justify;\"><strong>I documenti originali saranno restituiti<\/strong>\u00a0al momento del ritiro, che dovr\u00e0 avvenire\u00a0<strong>presentandosi personalmente<\/strong>\u00a0presso il Consolato Generale, previo\u00a0<strong>appuntamento<\/strong>, o tramite corriere prepagato.<br \/>\nIn alternativa, \u00e8 possibile\u00a0<strong>delegare<\/strong>\u00a0una persona al ritiro, precisandone le generalit\u00e0 al momento della prenotazione. Tale persona dovr\u00e0 presentarsi\u00a0<strong>munita di documento di riconoscimento<\/strong>.<\/p>\n<p style=\"text-align: justify;\">\n<h6 style=\"text-align: justify;\"><strong>DOCUMENTI DA ALLEGARE ALLA DOMANDA:<\/strong><\/h6>\n<ul style=\"text-align: justify;\">\n<li><a href=\"https:\/\/consjohannesburg.esteri.it\/wp-content\/uploads\/2023\/11\/MOD-domanda-con-tutti-i-dati-1.docx\"><strong>Modulo di richiesta<\/strong><\/a>\u00a0debitamente compilato e firmato e\u00a0<strong>copia di un documento di identit\u00e0<\/strong>\u00a0(passaporto o carta d\u2019identit\u00e0) in corso di validit\u00e0;<\/li>\n<\/ul>\n<ul style=\"text-align: justify;\">\n<li><strong>\u201cLetter of Authentication of studies\u201d<\/strong>\u00a0relativa agli studi secondari. Per ottenerla, occorre rivolgersi a\u00a0<a href=\"https:\/\/www.umalusi.org.za\/services\/verification\/\" target=\"_blank\" rel=\"noopener\"><strong>UMALUSI<\/strong>\u00a0<\/a>con il\u00a0<strong>National Senior Certificate\u00a0<\/strong>originale pi\u00f9 una fotocopia. Per i National Certificates\u00a0<strong>ottenuti prima del novembre 1992<\/strong>\u00a0occorre rivolgersi al\u00a0<a href=\"https:\/\/www.education.gov.za\/\">Department of Basic Education<\/a>.<\/li>\n<li>Se si intende ottenere in Italia un titolo accademico di secondo livello (Master Degree) e si \u00e8 gi\u00e0 in possesso di una Laurea, occorre contattare\u00a0<a href=\"https:\/\/www.saqa.org.za\/verification-services\/\" target=\"_blank\" rel=\"noopener\"><strong>SAQA<\/strong>\u00a0\u2013 the South African Qualifications Authority<\/a>\u00a0fornendo la\u00a0<strong>pergamena di Laurea (o Diploma)<\/strong>\u00a0originale e l\u2019<strong>elenco, rilasciato dall\u2019Universit\u00e0, degli esami sostenuti<\/strong>. SAQA legalizzer\u00e0 il\/i titolo\/i di studio e rilascer\u00e0 una lettera di\u00a0<strong>\u201cVerification of Studies\u201d<\/strong>;<\/li>\n<li>Ottenute la \u201cVerification letter(s)\u201d, contattare\u00a0<a href=\"https:\/\/www.dirco.gov.za\/consular-notarial-services\/\" target=\"_blank\" rel=\"noopener\"><strong>DIRCO (Ministry of Foreign Affairs- Department of International Relations and Co-Operation)<\/strong>\u00a0sezione Consolare\/Legalizzazioni<\/a>, spedire i documenti autenticati da SAQA e\/o UMALUSI e chiedere una\u00a0<strong>Apostille de L\u2019Aja (\u201cApostille of the Hague\u201d)<\/strong>. Deve essere richiesta un\u2019Apostille per ogni titolo accademico.<br \/>\n<strong>N.B.: NON verranno accettate Apostille rilasciate da altre istituzioni.<\/strong><br \/>\n<strong>NON rompere\/alterare in alcun modo il sigillo, o il documento non potr\u00e0 essere accettato.<\/strong><\/li>\n<li>Recarsi presso un\u00a0<a href=\"https:\/\/consjohannesburg.esteri.it\/it\/servizi-consolari-e-visti\/servizi-per-il-cittadino-italiano\/traduzione-e-legalizzazione-dei-documenti\/\"><strong>Traduttore Giurato accreditato<\/strong><\/a>\u00a0presso questo Consolato Generale, per ottenere la\u00a0<strong>traduzione del(i) titolo(i) accademico(i)<\/strong>\u00a0(NON occorre tradurre le lettere di verifica degli studi o l\u2019Apostille);<\/li>\n<li>Se si \u00e8 in possesso di un titolo accademico ottenuto in Paesi che non siano sotto la giurisdizione di questo Consolato Generale, la relativa Dichiarazione di Valore dovr\u00e0 essere richiesta presso le Autorit\u00e0 consolari italiane del paese in cui \u00e8 stato conseguito il titolo e successivamente inclusa nella documentazione da consegnare a questo Consolato.<\/li>\n<li>I cittadini\u00a0<strong>non italiani<\/strong>\u00a0devono presentare\u00a0<strong>prova di preiscrizione all\u2019Universit\u00e0 italiana<\/strong>\u00a0effettuata sul portale\u00a0<a href=\"https:\/\/www.universitaly.it\/\">Universitaly<\/a>.<\/li>\n<li>In caso di richiesta\u00a0<strong>per motivi di lavoro<\/strong>, ove applicabile, presentare\u00a0<strong>prova di registrazione all\u2019ordine professionale sudafricano<\/strong>\u00a0(es.: HPCSA, SACE ecc\u2026).<\/li>\n<\/ul>\n<p style=\"text-align: justify;\">\n<p style=\"text-align: justify;\">L\u2019Ufficio Scuola \u00e8 disponibile a fornire ulteriori informazioni e chiarire eventuali dubbi.<\/p>\n<p style=\"text-align: justify;\"><strong>Ufficio Scuola<br \/>\n<\/strong>Tel +27 11 728 1392\/3 ext. 2080<br \/>\ne-mail:\u00a0<a href=\"mailto:scuola.johannesburg@esteri.it\" target=\"_blank\" rel=\"noopener\">scuola.johannesburg@esteri.it<\/a><\/p>\n","protected":false},"excerpt":{"rendered":"Cliccare qui per informazioni su corsi di lingua italiana, studiare in Italia, borse di studio. DICHIARAZIONE DI VALORE IN LOCO La procedura di riconoscimento in Italia dei titoli di studio sudafricani, sia per il proseguimento degli studi (Scuola\/Universit\u00e0), che per fini lavorativi, prevede da parte del Consolato d\u2019Italia territorilmente competente il rilascio della \u201cDichiarazione di [&hellip;]","protected":false},"author":4,"featured_media":0,"parent":59,"menu_order":0,"comment_status":"closed","ping_status":"closed","template":"","meta":{"footnotes":""},"class_list":["post-4880","page","type-page","status-publish","hentry"],"_links":{"self":[{"href":"https:\/\/consjohannesburg.esteri.it\/it\/wp-json\/wp\/v2\/pages\/4880","targetHints":{"allow":["GET"]}}],"collection":[{"href":"https:\/\/consjohannesburg.esteri.it\/it\/wp-json\/wp\/v2\/pages"}],"about":[{"href":"https:\/\/consjohannesburg.esteri.it\/it\/wp-json\/wp\/v2\/types\/page"}],"author":[{"embeddable":true,"href":"https:\/\/consjohannesburg.esteri.it\/it\/wp-json\/wp\/v2\/users\/4"}],"replies":[{"embeddable":true,"href":"https:\/\/consjohannesburg.esteri.it\/it\/wp-json\/wp\/v2\/comments?post=4880"}],"version-history":[{"count":6,"href":"https:\/\/consjohannesburg.esteri.it\/it\/wp-json\/wp\/v2\/pages\/4880\/revisions"}],"predecessor-version":[{"id":7462,"href":"https:\/\/consjohannesburg.esteri.it\/it\/wp-json\/wp\/v2\/pages\/4880\/revisions\/7462"}],"up":[{"embeddable":true,"href":"https:\/\/consjohannesburg.esteri.it\/it\/wp-json\/wp\/v2\/pages\/59"}],"wp:attachment":[{"href":"https:\/\/consjohannesburg.esteri.it\/it\/wp-json\/wp\/v2\/media?parent=4880"}],"curies":[{"name":"wp","href":"https:\/\/api.w.org\/{rel}","templated":true}]}}