{"id":3770,"date":"2024-08-27T11:26:04","date_gmt":"2024-08-27T09:26:04","guid":{"rendered":"https:\/\/consjohannesburg.esteri.it\/?page_id=3770"},"modified":"2024-08-28T12:56:33","modified_gmt":"2024-08-28T10:56:33","slug":"carta-didentita-elettronica-c-i-e","status":"publish","type":"page","link":"https:\/\/consjohannesburg.esteri.it\/it\/servizi-consolari-e-visti\/servizi-per-il-cittadino-italiano\/carta-didentita-elettronica-c-i-e\/","title":{"rendered":"Carta d\u2019Identit\u00e0 Elettronica (C.I.E.)"},"content":{"rendered":"<p>A partire dal <strong>2 settembre 2024<\/strong>, sar\u00e0 possibile richiedere l&#8217;emissione della C.I.E. presso questo Consolato Generale. Al riguardo, si segnala che la Carta d\u2019Identit\u00e0 Elettronica non viene rilasciata a vista, bens\u00ec viene spedita per posta <strong>dall\u2019Italia <\/strong>entro due\/tre mesi dal giorno dell\u2019appuntamento.<\/p>\n<p>&nbsp;<\/p>\n<h6><strong>1. Che cos\u2019\u00e8 la Carta d\u2019Identit\u00e0 Elettronica?<\/strong><\/h6>\n<p><strong>\u00a0<\/strong>La Carta d\u2019Identit\u00e0 \u00e8 un documento personale di riconoscimento valido per identificarsi e circolare nell\u2019Unione Europea, in alcuni Stati aderenti all\u2019accordo di Schengen (ad es. Islanda, Norvegia e Svizzera) e in altri Stati con cui sono stati raggiunti accordi bilaterali (vedasi le singole \u201cschede Paese\u201d sul sito <a href=\"http:\/\/www.viaggiaresicuri.it\/\">www.viaggiaresicuri.it<\/a>).<\/p>\n<p>&nbsp;<\/p>\n<h6><strong>2. A chi pu\u00f2 essere rilasciata la Carta d\u2019Identit\u00e0 Elettronica?<\/strong><\/h6>\n<p>Questo Consolato Generale pu\u00f2 rilasciare la Carta d\u2019Identit\u00e0<strong> esclusivamente ai cittadini italiani regolarmente residenti in questa circoscrizione consolare<\/strong> <strong>ed iscritti in AIRE<\/strong>.<\/p>\n<p><strong>Nel caso sia cambiato indirizzo di residenza<\/strong> (rispetto a quello comunicato in precedenza all\u2019Ufficio consolare), \u00e8 necessario chiedere la <a href=\"https:\/\/consjohannesburg.esteri.it\/it\/servizi-consolari-e-visti\/servizi-per-il-cittadino-italiano\/anagrafe-degli-italiani-residenti-allestero-aire\/\">variazione di indirizzo<\/a> tramite il portale <a href=\"https:\/\/serviziconsolarionline.esteri.it\/ScoFE\/index.sco\"><strong>FAST IT<\/strong><\/a> prima di procedere alla prenotazione dell\u2019appuntamento.<\/p>\n<p>Ai fini dell\u2019emissione della C.I.E. \u00e8 inoltre necessario possedere il <strong><a href=\"https:\/\/consjohannesburg.esteri.it\/it\/servizi-consolari-e-visti\/servizi-per-il-cittadino-italiano\/codice-fiscale\/\">codice fiscale<\/a> validato<\/strong>.<\/p>\n<p>&nbsp;<\/p>\n<h6><strong>3. Quando si pu\u00f2 richiedere?<\/strong><\/h6>\n<ul>\n<li>in sostituzione di una Carta d\u2019Identit\u00e0 cartacea valida;<\/li>\n<li>ai fini della prima emissione di una Carta d\u2019Identit\u00e0;<\/li>\n<li>in caso di furto, smarrimento o deterioramento della Carta precedente.<\/li>\n<\/ul>\n<p>&nbsp;<\/p>\n<h6><strong>4. Come si richiede la Carta d\u2019Identit\u00e0 Elettronica (C.I.E.)?<\/strong><\/h6>\n<p>La richiesta di Carta d\u2019Identit\u00e0 Elettronica deve essere presentata esclusivamente tramite il portale <a href=\"https:\/\/prenotami.esteri.it\/\">Prenot@MI<\/a>.<\/p>\n<p>Per prenotare un appuntamento, \u00e8 necessario:<\/p>\n<ul>\n<li>Registrarsi su <a href=\"https:\/\/prenotami.esteri.it\/\">https:\/\/prenotami.esteri.it<\/a> e scegliere \u201cConsolato Generale d\u2019Italia Johannesburg\u201d come Sede di riferimento;<\/li>\n<li>Una volta completata la registrazione, selezionare il tab &#8220;Prenota&#8221; dal menu orizzontale nella parte superione della schermata;<\/li>\n<li>Alla voce \u201cDocumenti di identit\u00e0\/viaggio &#8211; Carte d\u2019identit\u00e0 nazionale\u201d, cliccare il bottone blu &#8220;PRENOTA&#8221;;<\/li>\n<li>Selezionare il tipo di prenotazione desiderata e inserire i dati dei richiedenti. Infine, cliccare il bottone &#8220;AVANTI&#8221;;<\/li>\n<li>Selezionare la data desiderata dal calendario (le date disponibili sono contrassegnate in verde) e cliccare il bottone &#8220;PRENOTA&#8221;.<\/li>\n<li style=\"list-style-type: none;\"><\/li>\n<\/ul>\n<p><strong>ATTENZIONE: nel caso in cui, a seguito di verifiche, emergano elementi che impediscano di processare la richiesta di rilascio della C.I.E., il connazionale sar\u00e0 informato sulle motivazioni della cancellazione dell\u2019appuntamento.<\/strong><\/p>\n<p>&nbsp;<\/p>\n<h6><strong>5. \u00c8 possibile chiedere l\u2019appuntamento per i miei figli minori?<\/strong><\/h6>\n<p>S\u00ec. In fase di prenotazione dell\u2019appuntamento bisogner\u00e0 <strong>compilare una scheda per ciascun richiedente<\/strong>. Sar\u00e0 possibile con un\u2019unica richiesta prenotare un appuntamento per un massimo di 4 persone.<\/p>\n<p>&nbsp;<\/p>\n<h6><strong>6. Qual \u00e8 la documentazione necessaria da portare con s\u00e9 il giorno dell\u2019appuntamento?<\/strong><\/h6>\n<p>Il richiedente deve presentarsi munito di:<\/p>\n<ul>\n<li>Una fotografia formato tessera recente, conforme agli <a href=\"https:\/\/consjohannesburg.esteri.it\/wp-content\/uploads\/2023\/10\/ICAO-Standard.pdf\">standard internazionali ICAO<\/a>;<\/li>\n<li>Carta di identit\u00e0 precedente. In mancanza, un documento di riconoscimento (anche se scaduto);<\/li>\n<li>Ove applicabile, dichiarazione di smarrimento\/furto presso le autorit\u00e0 locali della precedente Carta;<\/li>\n<li><a href=\"https:\/\/consjohannesburg.esteri.it\/wp-content\/uploads\/2024\/08\/Atto-di-assenso-Pass-e-CIE-2024.pdf\">Atto di assenso<\/a> di entrambi genitori nel caso in cui il richiedente sia un minore di 18 anni (v. punto 9);<\/li>\n<li><strong>Carta di debito sudafricana o contanti <\/strong>per il pagamento <strong>in Rand<\/strong> (v. punto 14).<\/li>\n<\/ul>\n<p>&nbsp;<\/p>\n<h6><strong>7. Come si riceve la Carta d\u2019Identit\u00e0 Elettronica?<\/strong><\/h6>\n<p><strong>La C.I.E. \u00e8 emessa dal Ministero dell\u2019Interno e prodotta dall\u2019Istituto Poligrafico e Zecca dello Stato, che la spedisce, a mezzo posta raccomandata<\/strong>, all\u2019indirizzo del richiedente o, su richiesta, alla casella postale del Consolato Generale. In questo caso, una volta ricevuta la C.I.E., il Consolato Generale contatter\u00e0 il richiedente via email fornendo le istruzioni per il ritiro di persona o tramite corriere.<\/p>\n<p><strong><u>Si incoraggiano i cittadini a non sollecitare notizie sulla ricezione della C.I.E. prima di 90 giorni lavorativi<\/u><\/strong>. Trascorso tale periodo, coloro che non abbiano ancora ricevuto la notifica di ritiro, potranno inviare una email a <a href=\"mailto:consolare.johannesburg@esteri.it\">consolare.johannesburg@esteri.it<\/a>, specificando il <strong>numero di raccomandata<\/strong> indicato nella pratica di richiesta.<\/p>\n<p>&nbsp;<\/p>\n<h6><strong>8. Quanto tempo vale la Carta d\u2019Identit\u00e0?<\/strong><\/h6>\n<ul>\n<li>3 anni di validit\u00e0 per i minori di et\u00e0 compresa tra 0 e 3 anni;<\/li>\n<li>5 anni di validit\u00e0 per i minori di et\u00e0 compresa tra 4 e 17 anni;<\/li>\n<li>10 anni di validit\u00e0 per maggiorenni.<\/li>\n<\/ul>\n<p>&nbsp;<\/p>\n<h6><strong>9. Cos\u2019\u00e8 l\u2019atto di assenso?<\/strong><\/h6>\n<p>L\u2019<a href=\"https:\/\/consjohannesburg.esteri.it\/wp-content\/uploads\/2024\/08\/Atto-di-assenso-Pass-e-CIE-2024.pdf\">assenso<\/a> per il rilascio della carta di identit\u00e0 per minorenni \u00e8 necessario anche in caso di genitori non sposati, separati o divorziati. <strong>Se l\u2019altro genitore \u00e8 un cittadino UE<\/strong>, non \u00e8 necessaria la presenza dello stesso presso il Consolato Generale. Sar\u00e0 sufficiente il <a href=\"https:\/\/consjohannesburg.esteri.it\/wp-content\/uploads\/2024\/08\/Atto-di-assenso-Pass-e-CIE-2024.pdf\">modulo<\/a> compilato e firmato insieme ad una fotocopia del passaporto o carta d\u2019identit\u00e0 di chi concede l\u2019assenso, per il confronto delle firme. Il <a href=\"https:\/\/consjohannesburg.esteri.it\/wp-content\/uploads\/2024\/08\/Atto-di-assenso-Pass-e-CIE-2024.pdf\">modulo<\/a> e il documento dovranno essere inviati via email a <a href=\"mailto:consolare.johannesburg@esteri.it\">consolare.johannesburg@esteri.it<\/a> nei giorni precedenti l\u2019appuntamento.<\/p>\n<p><strong>Se il genitore<\/strong> che concede l\u2019assenso <strong>non \u00e8 cittadino UE<\/strong> (ad es. cittadini sudafricani) la dichiarazione di assenso deve essere firmata secondo una delle seguenti modalit\u00e0:<\/p>\n<ul>\n<li>Presso il Consolato Generale a Johannesburg il giorno dell\u2019appuntamento, previa esibizione di un documento di identit\u00e0;<\/li>\n<li>Se residente in KwaZulu-Natal, presso il Console Onorario a Durban Costantino Buccimazza, su appuntamento;<\/li>\n<li>Presso una qualsiasi Ambasciata o Consolato italiano nel mondo, se residente in Paese diverso dal Sud Africa.<\/li>\n<li><strong>In caso di decesso di uno dei genitori<\/strong> occorre presentare una copia del certificato di morte.<\/li>\n<\/ul>\n<p>&nbsp;<\/p>\n<h6><strong>10. Devo chiedere una nuova Carta se cambio indirizzo?<\/strong><\/h6>\n<p>No. La Carta d\u2019Identit\u00e0 \u00e8 un documento di identit\u00e0 e non di residenza.<\/p>\n<p>&nbsp;<\/p>\n<h6><strong>11. \u00c8 possibile per le donne sposate inserire il cognome del marito?<\/strong><\/h6>\n<p>No. La Carta d\u2019Identit\u00e0 \u00e8 un documento di identit\u00e0 e non di stato civile.<\/p>\n<p>&nbsp;<\/p>\n<h6><strong>12. Posso richiedere la Carta d&#8217;Identit\u00e0 presso il mio Comune in Italia, anche se residente all\u2019estero?<\/strong><\/h6>\n<p>Il connazionale dovr\u00e0 verificare con il Comune in Italia.<\/p>\n<p>&nbsp;<\/p>\n<h6><strong>13. Una volta ricevuta, come attivare e utilizzare la mia C.I.E.?<\/strong><\/h6>\n<p>Per <strong>attivare la C.I.E.<\/strong>, visita la pagina <a href=\"https:\/\/www.cartaidentita.interno.gov.it\/attiva\/\">https:\/\/www.cartaidentita.interno.gov.it\/attiva\/<\/a>;<\/p>\n<p>Per tutte le altre informazioni, visita <a href=\"https:\/\/www.cartaidentita.interno.gov.it\/\">https:\/\/www.cartaidentita.interno.gov.it\/<\/a>.<\/p>\n<p>&nbsp;<\/p>\n<h6>14.<strong> Il costo del documento \u00e8 di:<\/strong><\/h6>\n<ul>\n<li><strong>Primo rilascio o rinnovo<\/strong>: 21,95 Euro, da corrispondere <strong>in valuta locale (Rand)<\/strong>, presso il Consolato Generale (<strong>carta di debito<\/strong> sudafricana, no carte di credito). L&#8217;importo esatto in valuta locale verr\u00e0 confermato allo sportello il giorno dell&#8217;appuntamento.<\/li>\n<li><strong>Duplicato<\/strong> per furto o smarrimento: 27,11 Euro da corrispondere <strong>in valuta locale (Rand)<\/strong>, presso il Consolato Generale (<strong>carta di debito<\/strong> sudafricana, no carte di credito). L&#8217;importo esatto in valuta locale verr\u00e0 confermato allo sportello il giorno dell&#8217;appuntamento.<\/li>\n<\/ul>\n","protected":false},"excerpt":{"rendered":"A partire dal 2 settembre 2024, sar\u00e0 possibile richiedere l&#8217;emissione della C.I.E. presso questo Consolato Generale. Al riguardo, si segnala che la Carta d\u2019Identit\u00e0 Elettronica non viene rilasciata a vista, bens\u00ec viene spedita per posta dall\u2019Italia entro due\/tre mesi dal giorno dell\u2019appuntamento. &nbsp; 1. Che cos\u2019\u00e8 la Carta d\u2019Identit\u00e0 Elettronica? \u00a0La Carta d\u2019Identit\u00e0 \u00e8 un [&hellip;]","protected":false},"author":4,"featured_media":0,"parent":59,"menu_order":0,"comment_status":"closed","ping_status":"closed","template":"","meta":{"footnotes":""},"class_list":["post-3770","page","type-page","status-publish","hentry"],"_links":{"self":[{"href":"https:\/\/consjohannesburg.esteri.it\/it\/wp-json\/wp\/v2\/pages\/3770","targetHints":{"allow":["GET"]}}],"collection":[{"href":"https:\/\/consjohannesburg.esteri.it\/it\/wp-json\/wp\/v2\/pages"}],"about":[{"href":"https:\/\/consjohannesburg.esteri.it\/it\/wp-json\/wp\/v2\/types\/page"}],"author":[{"embeddable":true,"href":"https:\/\/consjohannesburg.esteri.it\/it\/wp-json\/wp\/v2\/users\/4"}],"replies":[{"embeddable":true,"href":"https:\/\/consjohannesburg.esteri.it\/it\/wp-json\/wp\/v2\/comments?post=3770"}],"version-history":[{"count":6,"href":"https:\/\/consjohannesburg.esteri.it\/it\/wp-json\/wp\/v2\/pages\/3770\/revisions"}],"predecessor-version":[{"id":3829,"href":"https:\/\/consjohannesburg.esteri.it\/it\/wp-json\/wp\/v2\/pages\/3770\/revisions\/3829"}],"up":[{"embeddable":true,"href":"https:\/\/consjohannesburg.esteri.it\/it\/wp-json\/wp\/v2\/pages\/59"}],"wp:attachment":[{"href":"https:\/\/consjohannesburg.esteri.it\/it\/wp-json\/wp\/v2\/media?parent=3770"}],"curies":[{"name":"wp","href":"https:\/\/api.w.org\/{rel}","templated":true}]}}