{"id":37,"date":"2023-04-03T19:15:59","date_gmt":"2023-04-03T17:15:59","guid":{"rendered":"https:\/\/consolatozurigo.esteri.it\/?page_id=37"},"modified":"2024-10-30T10:51:45","modified_gmt":"2024-10-30T08:51:45","slug":"contatti","status":"publish","type":"page","link":"https:\/\/consjohannesburg.esteri.it\/it\/chi-siamo\/contatti\/","title":{"rendered":"Contatti"},"content":{"rendered":"<p><strong>Consolato Generale d&#8217;Italia a Johannesburg<br \/>\n<\/strong><\/p>\n<p>37 First Avenue, Houghton Estate, 2198, Johannesburg<br \/>\nP.O. Box 46306 Orange Grove, 2119<\/p>\n<p>Tel: +27 11 7281392 \/ +27 11 7281393<br \/>\nE-mail:\u00a0<a href=\"mailto:consolare.johannesburg@esteri.it\">consolare.johannesburg@esteri.it<\/a><br \/>\nPEC: <a href=\"mailto:con.johannesburg@cert.esteri.it\">con.johannesburg@cert.esteri.it<\/a><\/p>\n<p>Numero d&#8217;emergenza: +27 (0)82 854 4725 (da utilizzare solo per emergenze fuori l&#8217;orario d&#8217;ufficio)<\/p>\n<p>Per dettagli sugli Uffici e sugli interni <a href=\"https:\/\/consjohannesburg.esteri.it\/it\/chi-siamo\/gli-uffici\/\">cliccare\u00a0qui<\/a>.<\/p>\n<p>&nbsp;<\/p>\n<p><strong>Ambasciata d&#8217;Italia a Pretoria<\/strong><\/p>\n<p>796, George Avenue, 0083 Arcadia, Pretoria<\/p>\n<p>Tel +27 12 423 0000<br \/>\nFax +27 12 430 5547<\/p>\n<p>E-mail:\u00a0<a href=\"mailto:segreteria.pretoria@esteri.it\">segreteria.pretoria@esteri.it<br \/>\n<\/a>PEC: <a href=\"mailto:amb.pretoria@cert.esteri.it\">amb.pretoria@cert.esteri.it<\/a><br \/>\nWebsite:\u00a0<a href=\"https:\/\/ambpretoria.esteri.it\/ambasciata_pretoria\/it\/\">https:\/\/ambpretoria.esteri.it\/ambasciata_pretoria\/it\/<\/a><\/p>\n<p>&nbsp;<\/p>\n<p><strong>Consolato d&#8217;Italia a Cape Town<\/strong><\/p>\n<p>2 Grey&#8217;s Pass, Gardens, Cape Town<\/p>\n<p>Tel +27 21 487 3900<br \/>\nFax +27 21 424 0146<br \/>\nE-mail:\u00a0<a href=\"mailto:consolato.capetown@esteri.it\">consolato.capetown@esteri.it<br \/>\n<\/a>Website:\u00a0<a href=\"https:\/\/conscapetown.esteri.it\/consolato_capetown\/en\/\">https:\/\/conscapetown.esteri.it\/consolato_capetown\/en\/<\/a><\/p>\n<p>&nbsp;<\/p>\n<p><strong>Istituto Italiano di Cultura<br \/>\n<\/strong><br \/>\n803 George Avenue, 0083 Arcadia, Pretoria<\/p>\n<p>Tel +27 12 342 0010<br \/>\nFax +27 12 342 0057<br \/>\nE-mail:\u00a0<a href=\"mailto:iicpretoria@esteri.it\">iicpretoria@esteri.it<br \/>\n<\/a>Website:\u00a0<a href=\"mailto:iicpretoria@esteri.it\">https:\/\/iicpretoria.esteri.it\/iic_pretoria\/en\/<br \/>\n<\/a><\/p>\n<p>Orario di apertura:<br \/>\nLuned\u00ec, marted\u00ed, gioved\u00ec e venerd\u00ed mattina: 09.30 &#8211; 12.00;<br \/>\nLuned\u00ec e gioved\u00ec pomeriggio: 14.00 &#8211; 16.00;<br \/>\nIl mercoled\u00ed l\u2019Istituto \u00e9 chiuso al pubblico, ma riceve su appuntamento.<\/p>\n<p>&nbsp;<\/p>\n<p><strong>Agenzia ICE<\/strong><\/p>\n<p>42, Chester Road, Parkwood, 2193, Johannesburg<br \/>\nP.O. BOX 1261, 2121 Johannesburg<\/p>\n<p>Tel: +27 11 880 8383<br \/>\nFax: +27 11\/880 9040<\/p>\n<p>E-mail:\u00a0<a href=\"mailto:johannesburg@ice.it\">johannesburg@ice.it<br \/>\n<\/a>PEC: <a href=\"mailto:johannesburg@cert.ice.it\">johannesburg@cert.ice.it<br \/>\n<\/a>Website:\u00a0<a href=\"mailto:johannesburg@cert.ice.it\">https:\/\/www.ice.it\/it\/mercati\/sud-africa\/johannesburg<br \/>\n<\/a><\/p>\n<p>Orari di apertura al pubblico:<br \/>\nluned\u00ec &#8211; gioved\u00ec 08:00 &#8211; 17:00 \/ venerd\u00ec 08:00 &#8211; 13:30<\/p>\n<p>&nbsp;<\/p>\n<p><strong>Camera di Commercio e Industria Italo-Sudafricana<\/strong><\/p>\n<p>Cnr Kirkby Rd &amp; Regent Str<br \/>\nBedford Gardens,\u00a0Johannesburg<br \/>\nGauteng, 2007<\/p>\n<p>Website:\u00a0<a href=\"https:\/\/www.italcham.co.za\/\">https:\/\/www.italcham.co.za\/<\/a><\/p>\n","protected":false},"excerpt":{"rendered":"Consolato Generale d&#8217;Italia a Johannesburg 37 First Avenue, Houghton Estate, 2198, Johannesburg P.O. Box 46306 Orange Grove, 2119 Tel: +27 11 7281392 \/ +27 11 7281393 E-mail:\u00a0consolare.johannesburg@esteri.it PEC: con.johannesburg@cert.esteri.it Numero d&#8217;emergenza: +27 (0)82 854 4725 (da utilizzare solo per emergenze fuori l&#8217;orario d&#8217;ufficio) Per dettagli sugli Uffici e sugli interni cliccare\u00a0qui. &nbsp; Ambasciata d&#8217;Italia a [&hellip;]","protected":false},"author":1,"featured_media":0,"parent":13,"menu_order":8,"comment_status":"closed","ping_status":"closed","template":"","meta":{"footnotes":""},"class_list":["post-37","page","type-page","status-publish","hentry"],"_links":{"self":[{"href":"https:\/\/consjohannesburg.esteri.it\/it\/wp-json\/wp\/v2\/pages\/37","targetHints":{"allow":["GET"]}}],"collection":[{"href":"https:\/\/consjohannesburg.esteri.it\/it\/wp-json\/wp\/v2\/pages"}],"about":[{"href":"https:\/\/consjohannesburg.esteri.it\/it\/wp-json\/wp\/v2\/types\/page"}],"author":[{"embeddable":true,"href":"https:\/\/consjohannesburg.esteri.it\/it\/wp-json\/wp\/v2\/users\/1"}],"replies":[{"embeddable":true,"href":"https:\/\/consjohannesburg.esteri.it\/it\/wp-json\/wp\/v2\/comments?post=37"}],"version-history":[{"count":6,"href":"https:\/\/consjohannesburg.esteri.it\/it\/wp-json\/wp\/v2\/pages\/37\/revisions"}],"predecessor-version":[{"id":4855,"href":"https:\/\/consjohannesburg.esteri.it\/it\/wp-json\/wp\/v2\/pages\/37\/revisions\/4855"}],"up":[{"embeddable":true,"href":"https:\/\/consjohannesburg.esteri.it\/it\/wp-json\/wp\/v2\/pages\/13"}],"wp:attachment":[{"href":"https:\/\/consjohannesburg.esteri.it\/it\/wp-json\/wp\/v2\/media?parent=37"}],"curies":[{"name":"wp","href":"https:\/\/api.w.org\/{rel}","templated":true}]}}