{"id":360,"date":"2023-10-19T17:01:00","date_gmt":"2023-10-19T15:01:00","guid":{"rendered":"https:\/\/consjohannesburg.esteri.it\/?page_id=360"},"modified":"2024-10-09T11:53:59","modified_gmt":"2024-10-09T09:53:59","slug":"riconoscimento-di-sentenze-straniere-divorzio-adozione-cambiamento-di-nome-o-cognome-o-altro","status":"publish","type":"page","link":"https:\/\/consjohannesburg.esteri.it\/it\/servizi-consolari-e-visti\/servizi-per-il-cittadino-italiano\/stato-civile\/riconoscimento-di-sentenze-straniere-divorzio-adozione-cambiamento-di-nome-o-cognome-o-altro\/","title":{"rendered":"Riconoscimento di sentenze straniere (divorzio, adozione, cambiamento di nome o cognome o altro)"},"content":{"rendered":"<p>La legge di diritto internazionale privato n. 218\/1995 prevede, quale regola generale, l\u2019automatica efficacia in Italia di sentenze straniere che rispettino alcuni requisiti basilari di compatibilit\u00e0 con l\u2019ordinamento italiano.<\/p>\n<p>Fa <strong>eccezione<\/strong> il riconoscimento in Italia di sentenze straniere di <strong>adozione di minori<\/strong>, per le quali si invita a consultare l\u2019apposita\u00a0<a href=\"https:\/\/www.esteri.it\/it\/servizi-consolari-e-visti\/italiani-all-estero\/adozioni-internazionali\">sezione<\/a>\u00a0dedicata.<\/p>\n<p align=\"left\">I provvedimenti stranieri devono essere trascritti presso il Comune italiano competente.<\/p>\n<p align=\"left\">Le sentenze straniere, munite di <a href=\"https:\/\/consjohannesburg.esteri.it\/it\/servizi-consolari-e-visti\/servizi-per-il-cittadino-italiano\/traduzione-e-legalizzazione-dei-documenti\/\">legalizzazione<\/a> (<em>apostille<\/em>) e <a href=\"https:\/\/consjohannesburg.esteri.it\/it\/servizi-consolari-e-visti\/servizi-per-il-cittadino-italiano\/traduzione-e-legalizzazione-dei-documenti\/\">traduzione<\/a> in italiano, possono essere presentate\u00a0 per la trascrizione in Italia:<\/p>\n<ul>\n<li>\n<div align=\"left\">al Comune italiano, direttamente dall\u2019interessato;<\/div>\n<\/li>\n<li>\n<div align=\"left\">oppure al Consolato italiano nella cui circoscrizione \u00e8 stata emessa la sentenza.<\/div>\n<\/li>\n<\/ul>\n<p align=\"left\">Per richiedere la trascrizione \u00e8 necessario esibire un documento di identit\u00e0 in corso di validit\u00e0 e produrre:<\/p>\n<ul>\n<li>\n<div align=\"left\">Istanza di trasmissione della sentenza sotto forma di dichiarazione sostitutiva di atto notorio resa ai sensi dell\u2019art. 47 del DPR 445\/2000 attestante la sussistenza dei requisiti di cui all\u2019art. 64 della legge 218\/1995 nella quale si dichiara che la sentenza non \u00e8 contraria ad altre sentenze pronunciate da un giudice italiano e che non pende un giudizio davanti a un giudice italiano per il medesimo oggetto e fra le stesse parti;<\/div>\n<\/li>\n<li>\n<div align=\"left\">Copia integrale della sentenza completa dei requisiti di cui all\u2019art. 64, debitamente legalizzata (<em>apostille<\/em>) e tradotta da un <a href=\"https:\/\/consjohannesburg.esteri.it\/it\/servizi-consolari-e-visti\/servizi-per-il-cittadino-italiano\/traduzione-e-legalizzazione-dei-documenti\/\">traduttore giurato accreditato<\/a> presso questo Consolato Generale.<\/div>\n<\/li>\n<\/ul>\n<h5>DIVORZIO<\/h5>\n<p><a href=\"https:\/\/consjohannesburg.esteri.it\/wp-content\/uploads\/2024\/10\/Docs-for-registration-of-divorce.pdf\">Cliccare qui<\/a> per la lista, disponibile in italiano e inglese, dei <strong>documenti necessari<\/strong> per richiedere la trascrizione del divorzio in Italia.<\/p>\n<p align=\"left\">Per ulteriori informazioni, inviare una e-mail a <a href=\"mailto:consolare.johannesburg@esteri.it\">consolare.johannesburg@esteri.it<\/a>.<\/p>\n","protected":false},"excerpt":{"rendered":"La legge di diritto internazionale privato n. 218\/1995 prevede, quale regola generale, l\u2019automatica efficacia in Italia di sentenze straniere che rispettino alcuni requisiti basilari di compatibilit\u00e0 con l\u2019ordinamento italiano. Fa eccezione il riconoscimento in Italia di sentenze straniere di adozione di minori, per le quali si invita a consultare l\u2019apposita\u00a0sezione\u00a0dedicata. I provvedimenti stranieri devono essere [&hellip;]","protected":false},"author":4,"featured_media":0,"parent":86,"menu_order":1,"comment_status":"closed","ping_status":"closed","template":"","meta":{"footnotes":""},"class_list":["post-360","page","type-page","status-publish","hentry"],"_links":{"self":[{"href":"https:\/\/consjohannesburg.esteri.it\/it\/wp-json\/wp\/v2\/pages\/360","targetHints":{"allow":["GET"]}}],"collection":[{"href":"https:\/\/consjohannesburg.esteri.it\/it\/wp-json\/wp\/v2\/pages"}],"about":[{"href":"https:\/\/consjohannesburg.esteri.it\/it\/wp-json\/wp\/v2\/types\/page"}],"author":[{"embeddable":true,"href":"https:\/\/consjohannesburg.esteri.it\/it\/wp-json\/wp\/v2\/users\/4"}],"replies":[{"embeddable":true,"href":"https:\/\/consjohannesburg.esteri.it\/it\/wp-json\/wp\/v2\/comments?post=360"}],"version-history":[{"count":7,"href":"https:\/\/consjohannesburg.esteri.it\/it\/wp-json\/wp\/v2\/pages\/360\/revisions"}],"predecessor-version":[{"id":4146,"href":"https:\/\/consjohannesburg.esteri.it\/it\/wp-json\/wp\/v2\/pages\/360\/revisions\/4146"}],"up":[{"embeddable":true,"href":"https:\/\/consjohannesburg.esteri.it\/it\/wp-json\/wp\/v2\/pages\/86"}],"wp:attachment":[{"href":"https:\/\/consjohannesburg.esteri.it\/it\/wp-json\/wp\/v2\/media?parent=360"}],"curies":[{"name":"wp","href":"https:\/\/api.w.org\/{rel}","templated":true}]}}