{"id":351,"date":"2023-10-19T16:46:23","date_gmt":"2023-10-19T14:46:23","guid":{"rendered":"https:\/\/consjohannesburg.esteri.it\/?page_id=351"},"modified":"2026-01-14T13:38:44","modified_gmt":"2026-01-14T11:38:44","slug":"riconoscimento-di-figlio-naturale","status":"publish","type":"page","link":"https:\/\/consjohannesburg.esteri.it\/it\/servizi-consolari-e-visti\/servizi-per-il-cittadino-italiano\/stato-civile\/riconoscimento-di-figlio-naturale\/","title":{"rendered":"Riconoscimento di figlio nato fuori dal matrimonio"},"content":{"rendered":"<p style=\"text-align: justify;\">Per figlio nato fuori dal matrimonio si intende il figlio procreato da genitori non uniti tra loro da vincolo matrimoniale.<br \/>\nI genitori non sposati possono riconoscere il figlio nato fuori dal matrimonio, nato o nascituro.<br \/>\nIl riconoscimento pu\u00f2 essere fatto da entrambi o anche da uno solo dei genitori e lo possono fare anche se al momento del concepimento erano sposati con altra persona.<\/p>\n<p><strong>Il riconoscimento dei figli nati fuori dal matrimonio pu\u00f2 essere fatto:<\/strong><\/p>\n<ul>\n<li><strong>nell\u2019atto di nascita<\/strong><\/li>\n<li>davanti\u00a0<strong>all\u2019ufficiale di stato civile\u00a0<\/strong>con apposita dichiarazione successiva alla nascita o al concepimento.<\/li>\n<li>in un atto pubblico redatto da un\u00a0<strong>notaio<\/strong><\/li>\n<li>in un\u00a0<strong>testamento<\/strong><\/li>\n<\/ul>\n<p>Per riconoscere<strong> il figlio che <span style=\"text-decoration: underline;\">non<\/span> ha ancora compiuto quattordici anni<\/strong> \u00e8 necessario il\u00a0<strong>consenso<\/strong>\u00a0<strong>dell\u2019altro genitore<\/strong> che ha gi\u00e0 effettuato il riconoscimento. Nel caso in cui il genitore che ha gi\u00e0 effettuato il riconoscimento si oppone, il genitore che vuole riconoscere il figlio deve presentare ricorso davanti al\u00a0<strong>tribunale dei minorenni.\u00a0<\/strong><\/p>\n<p>Per riconoscere il <strong>figlio che ha compiuto quattordici anni<\/strong> \u00e8 necessario il suo consenso.<\/p>\n<p style=\"text-align: justify;\">Per essere valido in Italia il riconoscimento effettuato all\u2019estero secondo la normativa locale deve rispettare le condizioni previste dal nostro ordinamento (<a href=\"https:\/\/www.brocardi.it\/codice-civile\/libro-primo\/titolo-vii\/capo-iv\/sezione-i\/art250.html?utm_source=internal&amp;utm_medium=link&amp;utm_campaign=articolo&amp;utm_content=nav_art_prec_dispositivo\">art. 250 e seguenti Codice civile<\/a>) e deve essere contenuto in un atto debitamente apostillato presso il Deparment of International Relations and Cooperation DIRCO e tradotto in italiano (v. <a href=\"https:\/\/consjohannesburg.esteri.it\/it\/servizi-consolari-e-visti\/servizi-per-il-cittadino-italiano\/traduzione-e-legalizzazione-dei-documenti\/\">Traduzione e legalizzazione dei documenti \u2013 Consolato Generale d&#8217;Italia Johannesburg). <\/a>Il riconoscimento di figlio pu\u00f2 risultare anche da<strong>\u00a0una sentenza straniera<\/strong>\u00a0che, qualora rispondente ai requisiti previsti dalla Legge n.218\/1995, potr\u00e0 essere riconosciuta in Italia.<\/p>\n<p style=\"text-align: justify;\">Qualora l\u2019atto di riconoscimento straniero non risulti conforme ai requisiti contemplati dalla sopra citata normativa, sar\u00e0 necessario effettuare il riconoscimento di figlio presso l\u2019Ufficio consolare competente con un verbale\u00a0ad hoc\u00a0che andr\u00e0 ad integrare l\u2019atto di nascita da trascrivere.<\/p>\n<p style=\"text-align: justify;\"><strong>Entrambi i genitori dovranno recarsi presso l&#8217;Ufficio consolare<\/strong>. Se il minore ha compiuto il quattordicesimo anno di et\u00e0, dovr\u00e0 anch&#8217;esso presentarsi in Consolato per controfirmare l&#8217;atto. Non \u00e8 richiesta la presenza dei minori di 14 anni.<\/p>\n<p><strong>PREREQUISITI<\/strong><\/p>\n<ul>\n<li>Che almeno uno dei due genitori sia cittadino italiano. I doppi cittadini dovranno esibire documento di identit\u00e0 italiano valido;<\/li>\n<li>Che i genitori siano maggiori di 16 anni. I genitori minori di anni 16 necessitano dell\u2019autorizzazione del Tribunale competente;<\/li>\n<li>Assenza di legami di parentela o affinit\u00e0 tra i genitori nei gradi che impediscano il riconoscimento;<\/li>\n<li>Comprensione della lingua italiana. In caso di mancata conoscenza della lingua italiana, si attua la procedura di cui agli\u00a0<a href=\"https:\/\/www.normattiva.it\/uri-res\/N2Ls?urn:nir:stato:legge:1913;89\">54 e 55 L. 16.02.1913, n. 89<\/a>;<\/li>\n<li>Assenso (firma) del genitore che per primo ha riconosciuto il figlio (solo nel caso di riconoscimento tramite atti separati);<\/li>\n<li>Assenso (firma) del figlio che viene riconosciuto (solo nel caso di figli maggiori di 14 anni).<\/li>\n<\/ul>\n<p style=\"text-align: justify;\">N.B.: Il Consolato Generale si riserva il diritto di richiedere documentazione di supporto all&#8217;istanza di riconoscimento.<\/p>\n<p style=\"text-align: justify;\">Per maggiori informazioni, inviare una e-mail a <a href=\"mailto:consolare.johannesburg@esteri.it\">consolare.johannesburg@esteri.it<\/a>.<\/p>\n","protected":false},"excerpt":{"rendered":"Per figlio nato fuori dal matrimonio si intende il figlio procreato da genitori non uniti tra loro da vincolo matrimoniale. I genitori non sposati possono riconoscere il figlio nato fuori dal matrimonio, nato o nascituro. Il riconoscimento pu\u00f2 essere fatto da entrambi o anche da uno solo dei genitori e lo possono fare anche se [&hellip;]","protected":false},"author":4,"featured_media":0,"parent":86,"menu_order":1,"comment_status":"closed","ping_status":"closed","template":"","meta":{"footnotes":""},"class_list":["post-351","page","type-page","status-publish","hentry"],"_links":{"self":[{"href":"https:\/\/consjohannesburg.esteri.it\/it\/wp-json\/wp\/v2\/pages\/351","targetHints":{"allow":["GET"]}}],"collection":[{"href":"https:\/\/consjohannesburg.esteri.it\/it\/wp-json\/wp\/v2\/pages"}],"about":[{"href":"https:\/\/consjohannesburg.esteri.it\/it\/wp-json\/wp\/v2\/types\/page"}],"author":[{"embeddable":true,"href":"https:\/\/consjohannesburg.esteri.it\/it\/wp-json\/wp\/v2\/users\/4"}],"replies":[{"embeddable":true,"href":"https:\/\/consjohannesburg.esteri.it\/it\/wp-json\/wp\/v2\/comments?post=351"}],"version-history":[{"count":7,"href":"https:\/\/consjohannesburg.esteri.it\/it\/wp-json\/wp\/v2\/pages\/351\/revisions"}],"predecessor-version":[{"id":8108,"href":"https:\/\/consjohannesburg.esteri.it\/it\/wp-json\/wp\/v2\/pages\/351\/revisions\/8108"}],"up":[{"embeddable":true,"href":"https:\/\/consjohannesburg.esteri.it\/it\/wp-json\/wp\/v2\/pages\/86"}],"wp:attachment":[{"href":"https:\/\/consjohannesburg.esteri.it\/it\/wp-json\/wp\/v2\/media?parent=351"}],"curies":[{"name":"wp","href":"https:\/\/api.w.org\/{rel}","templated":true}]}}