{"id":13,"date":"2023-04-03T18:23:20","date_gmt":"2023-04-03T16:23:20","guid":{"rendered":"https:\/\/consolatozurigo.esteri.it\/?page_id=13"},"modified":"2026-03-16T14:28:55","modified_gmt":"2026-03-16T12:28:55","slug":"chi-siamo","status":"publish","type":"page","link":"https:\/\/consjohannesburg.esteri.it\/it\/chi-siamo\/","title":{"rendered":"Chi siamo"},"content":{"rendered":"<p>Il Consolato Generale d\u2019Italia in Johannesburg offre\u00a0servizi consolari agli italiani residenti nella circoscrizione consolare, ai cittadini italiani non residenti temporaneamente presenti nella circoscrizione e, limitatamente all\u2019ufficio visti ed all&#8217;ufficio scolastico, anche ai non cittadini.<\/p>\n<p>La circoscrizione consolare comprende le province del Free State, Gauteng (con esclusione dell\u2019area metropolitana di Pretoria-Tshwane), KwaZulu\u2013Natal, Limpopo, Mpumalanga e North West.<\/p>\n<p>Per accedere al Consolato Generale \u00e8 necessario esibire un documento in corso di validit\u00e0 con foto riconoscibile.<\/p>\n<p>Indirizzo:<br \/>\n<strong>37 First Avenue, Houghton Estate, 2198, Johannesburg<\/strong><br \/>\n<strong>P.O. Box 46306, Orange Grove 2119<\/strong><\/p>\n<p><strong>Telefono: +27 (0)11 728 1392\/3<\/strong><\/p>\n<p><span style=\"text-decoration: underline;\"><strong>Orario di funzionamento del servizio di informazioni telefoniche:<\/strong><\/span><\/p>\n<p><strong>INFO GENERALI: da luned\u00ed a venerd\u00ed dalle 9:00 alle 13:00 e dalle 14:00 alle 15:00<\/strong>.<\/p>\n<p><strong>UFFICI: da luned\u00ed a venerd\u00ed dalle 11:30 alle 13:00<\/strong>.<\/p>\n<p>E-mail (per informazioni generali) <a href=\"mailto:info.johannesburg@esteri.it\">info.johannesburg@esteri.it<\/a><\/p>\n<p>Per altre questioni utilizzare gli indirizzi e-mail dei singoli settori.<\/p>\n<p><strong>SI PREGA DI VISITARE LE VARIE SEZIONI DEL SITO WEB, PRIMA DI INVIARE MESSAGGI E-MAIL CON RICHIESTE D\u2019INFORMAZIONI. <\/strong><strong>QUESTO CONSOLATO GENERALE RISPONDER\u00c0 SOLTANTO A E-MAIL RIGUARDANTI QUESTIONI CHE NON SIANO <\/strong><strong>GI\u00c0 ILLUSTRATE SUL SITO<\/strong>.<\/p>\n<p>&nbsp;<\/p>\n<h3><strong>Orari di apertura al pubblico:<\/strong><\/h3>\n<p><strong>Luned\u00ec, marted\u00ec, gioved\u00ec e venerd\u00ec: dalle 09.00 alle 11.30<\/strong><br \/>\n<strong>Luned\u00ec\u00a0dalle 14.00 alle 16.00.<\/strong><\/p>\n<p>Il Consolato Generale rimarr\u00e0 chiuso per le seguenti festivit\u00e0:<\/p>\n<ul>\n<li>Capodanno -01 gennaio 2026 &#8211; Gioved\u00ec<\/li>\n<li>Human Rights Day \u2013 21 marzo 2026 &#8211; Sabato<\/li>\n<li>Luned\u00ed dell\u2019Angelo \u2013 06 aprile 2026 &#8211; Luned\u00ec<\/li>\n<li>Festa della Liberazione &#8211; 25 aprile 2026 &#8211; Sabato<\/li>\n<li>Freedom Day \u2013 27 aprile 2026- Luned\u00ec<\/li>\n<li>Festa del lavoro &#8211; 1 maggio 2026 &#8211; Venerd\u00ec<\/li>\n<li>Festa della Repubblica Italiana \u2013 2 giugno 2026 &#8211; Marted\u00ec<\/li>\n<li>Heritage Day \u2013 24 settembre 2026 &#8211; Gioved\u00ec<\/li>\n<li>San Francesco d&#8217;Assisi -04 ottobre 2026- Domenica<\/li>\n<li>Reconciliation Day \u2013 16 dicembre 2026 &#8211; Mercoled\u00ec<\/li>\n<li>Natale \u2013 25 dicembre 2026 &#8211; Venerd\u00ec<\/li>\n<\/ul>\n","protected":false},"excerpt":{"rendered":"Il Consolato Generale d\u2019Italia in Johannesburg offre\u00a0servizi consolari agli italiani residenti nella circoscrizione consolare, ai cittadini italiani non residenti temporaneamente presenti nella circoscrizione e, limitatamente all\u2019ufficio visti ed all&#8217;ufficio scolastico, anche ai non cittadini. La circoscrizione consolare comprende le province del Free State, Gauteng (con esclusione dell\u2019area metropolitana di Pretoria-Tshwane), KwaZulu\u2013Natal, Limpopo, Mpumalanga e North [&hellip;]","protected":false},"author":1,"featured_media":0,"parent":0,"menu_order":2,"comment_status":"closed","ping_status":"closed","template":"","meta":{"footnotes":""},"class_list":["post-13","page","type-page","status-publish","hentry"],"_links":{"self":[{"href":"https:\/\/consjohannesburg.esteri.it\/it\/wp-json\/wp\/v2\/pages\/13","targetHints":{"allow":["GET"]}}],"collection":[{"href":"https:\/\/consjohannesburg.esteri.it\/it\/wp-json\/wp\/v2\/pages"}],"about":[{"href":"https:\/\/consjohannesburg.esteri.it\/it\/wp-json\/wp\/v2\/types\/page"}],"author":[{"embeddable":true,"href":"https:\/\/consjohannesburg.esteri.it\/it\/wp-json\/wp\/v2\/users\/1"}],"replies":[{"embeddable":true,"href":"https:\/\/consjohannesburg.esteri.it\/it\/wp-json\/wp\/v2\/comments?post=13"}],"version-history":[{"count":7,"href":"https:\/\/consjohannesburg.esteri.it\/it\/wp-json\/wp\/v2\/pages\/13\/revisions"}],"predecessor-version":[{"id":8434,"href":"https:\/\/consjohannesburg.esteri.it\/it\/wp-json\/wp\/v2\/pages\/13\/revisions\/8434"}],"wp:attachment":[{"href":"https:\/\/consjohannesburg.esteri.it\/it\/wp-json\/wp\/v2\/media?parent=13"}],"curies":[{"name":"wp","href":"https:\/\/api.w.org\/{rel}","templated":true}]}}