{"id":186,"date":"2023-04-03T19:28:33","date_gmt":"2023-04-03T17:28:33","guid":{"rendered":"https:\/\/consjohannesburg.esteri.it\/servizi-consolari-e-visti\/servizi-per-il-cittadino-italiano\/emergency-travel-documents-etd\/"},"modified":"2026-01-19T09:04:35","modified_gmt":"2026-01-19T07:04:35","slug":"emergency-travel-documents-etd","status":"publish","type":"page","link":"https:\/\/consjohannesburg.esteri.it\/en\/servizi-consolari-e-visti\/servizi-per-il-cittadino-italiano\/emergency-travel-documents-etd\/","title":{"rendered":"Emergency Travel Documents (ETD)"},"content":{"rendered":"<p style=\"text-align: justify;\">For Italian citizens temporarily traveling in South Africa, an <strong>Emergency Travel Document (ETD)<\/strong> will be issued in the event of theft or loss of passport.<\/p>\n<p style=\"text-align: justify;\">The ETD is a <strong>temporary travel document<\/strong>, valid for <strong>15 days including the date of issue.<\/strong><\/p>\n<p style=\"text-align: justify;\">The ETD can be issued <strong>ONLY for return to Italy or to the country where the applicant has permanent residence<\/strong>, as <span style=\"text-decoration: underline;\">proven by registration with AIRE<\/span>.<\/p>\n<p style=\"text-align: justify;\">To obtain an ETD,<strong> the applicant must be present at the Consulate<\/strong> (including newborns and minors).<\/p>\n<p style=\"text-align: justify;\"><strong>REQUIRED DOCUMENTATION \u2013 ADULT APPLICANTS<\/strong><\/p>\n<ol style=\"text-align: justify;\">\n<li>Fill out the following <a href=\"http:\/\/Per i cittadini italiani in viaggio temporaneamente in Sud Africa si procede al rilascio di un Emergency Travel Document (ETD) in caso di furto o smarrimento di passaporto. L\u2019ETD \u00e8 un documento di viaggio provvisorio ed ha validit\u00e0 massima di 15 giorni compresa la data di rilascio. L'ETD puo' essere emesso per IL SOLO RIENTRO in Italia o verso lo Stato in cui il richiedente ha la residenza permanente comprovata dall\u2019iscrizione in Aire. Per il suo rilascio, \u00e8 necessaria la presenza in Consolato del richiedente (neonati e minori compresi). DOCUMENTAZIONE NECESSARIA\u00a0 Compilare correttamente il seguente Modulo di richiesta ETD1 ; Munirsi di 2\u00a0 fotografie formato tessera identiche e recenti (non oltre 6 mesi), formato Passaporto (per informazioni consulta il sito: standard internazionali ICAO) Esibire Copia di un documento di riconoscimento italiano contenente la foto e la firma (es. Carta di identita'\/Patente di guida). In mancanza di un qualsiasi documento di identificazione, in via residuale ed in casi eccezionali, \u00e8 necessaria la presenza di un testimone, munito a sua volta di documento d\u2019identit\u00e0, che compili il Modulo AFT1 e sia in grado di identificare il richiedente sotto la propria responsabilit\u00e0. Il richiedente dovra' dichiarare l'itinerario del volo e possibilmente esibire il biglietto aereo. Si consiglia\u00a0di presentarsi in Consolato 2-3 giorni prima della partenza, in modo da avere un ETD con copertura maggiore nel caso di scioperi dei mezzi di trasporto o qualora la compagnia aerea annullasse il volo o modificasse la data di partenza. DOCUMENTAZIONE NECESSARIA PER I MINORI In presenza di figli minori\u00a0 sara' altresi' necessario l' Atto di assenso dell\u2019altro genitore unitamente alla copia di un documento di riconoscimento (solo se cittadino comunitario) in cui sia leggibile la firma del titolare. Se l\u2019altro genitore del minore NON \u00e8 cittadino comunitario, l\u2019atto di assenso deve essere firmato in presenza di un pubblico ufficiale (notaio o altra autorita' pubblica riconosciuta). Attenzione: Gli ETD possono essere emessi in favore di neonati il cui atto di nascita non risulti ancora regolarmente trascritto in Italia presso il competente Comune italiano solo in casi di comprovata urgenza e dietro contestuale richiesta di invio in trascrizione dell\u2019atto di nascita (correttamente apostillato). Il rilascio di un ETD potr\u00e0 essere effettuato esclusivamente nei casi in cui il minore abbia gi\u00e0 posseduto un documento di riconoscimento italiano e semprech\u00e8 il suo atto di nascita risulti regolarmente trascritto in Italia. APERTURA SERVIZIO Dopo avere letto pquesta pagina per intero, si prega di prendere contatto immediatamente con il Consolato al numero Tel: +27 11 728 1392 \/ +27 11 728 1393. Durante l'orario di lavoro il consolato ricevera' per comprovate emergenze senza appuntamento dal luned\u00ec al venerd\u00ec dalle 09:00 alle ore 15:30. In caso di emergenze fuori dall'orario di lavoro chiamare il numero: +27 082 854 4725 Assicurarsi di essere nella circoscrizione di competenza del Consolato d'Italia a Johannesburg: Province di Free State, Gauteng (con esclusione dell' area metropolitana di Pretoria-Tshwane), KwaZulu Natal, Limpopo, Mpumalanga and North West. L'ETD dal 9 dicembre 2025 e' esente da pagamento. 2. Portare 2 fotografie formato tessera identiche e recenti (acquisite da non oltre 6 mesi) conformi agli standard internazionali ICAO, sfondo bianco, NO USB; 3. originale o copia di passaporto o carta d\u2019identit\u00e0 di entrambi i genitori; Sara' necessario dichiarare tutti l'itinerario del volo e possibilmente esibire il biglietto aereo ove si evinca nome dell\u2019interessato e data di partenza entro 5 giorni dalla richiesta di ETD.\">ETD1 application form<\/a> correctly;<\/li>\n<li>Provide <strong>two identical<\/strong>, recent (no more than six months old)<strong> passport-size photographs<\/strong> (for information, see the <a href=\"https:\/\/consjohannesburg.esteri.it\/wp-content\/uploads\/2023\/10\/ICAO-Standard.pdf\">ICAO international standards website<\/a>)<\/li>\n<li>Present a<strong> copy of an Italian identification document containing your photo and signature<\/strong> (e.g., identity card\/driver&#8217;s license). In the absence of any identification document, as a last resort and in exceptional cases, the presence of a witness is required, who must also have an identity document, fill out <a href=\"https:\/\/consjohannesburg.esteri.it\/wp-content\/uploads\/2023\/10\/AFT1_dichiarazione_sostitutiva_dell_atto_di_notorieta_per_etd.pdf\">Form AFT1<\/a>, and be able to identify the applicant under their own responsibility.<\/li>\n<\/ol>\n<p style=\"text-align: justify;\">The applicant must declare the entire flight itinerary and, if possible, show the airline ticket indicating the name of the person concerned and the departure date within 5 days of the ETD request.<\/p>\n<p style=\"text-align: justify;\">It is advisable to go to the Consulate 2-3 days before departure, so as to have an ETD with greater coverage in the event of transport strikes or if the airline cancels the flight or changes the departure date.<\/p>\n<p><strong>DOCUMENTATION REQUIRED FOR MINORS<\/strong><\/p>\n<p>If there are minor children, the consent of the other parent will also be required, together with a copy of an identification document (only if an EU citizen) in which the signature of the holder is legible. If the other parent of the minor is NOT an EU citizen, the consent form must be signed in the presence of a public official (notary or other recognised public authority).<\/p>\n<p>Please note: ETDs may be issued for newborns whose birth certificate has not yet been duly registered in Italy with the competent Italian municipality only in cases of proven urgency and upon simultaneous request for the birth certificate to be sent for registration (correctly apostilled). An ETD may only be issued in cases where the minor has already possessed an Italian identity document and provided that their birth certificate has been duly registered in Italy.<\/p>\n<p style=\"text-align: justify;\"><strong>SERVICE OPENING<\/strong><\/p>\n<p style=\"text-align: justify;\">After reading this page in its entirety, please contact the Consulate immediately at Tel: +27 11 728 1392 \/ +27 11 728 1393.<\/p>\n<p style=\"text-align: justify;\">During working hours, the Consulate will receive proven emergencies without appointment from Monday to Friday from 9:00 a.m. to 3:30 p.m.<\/p>\n<p style=\"text-align: justify;\">In case of emergencies outside working hours, call: +27 082 854 4725<\/p>\n<p style=\"text-align: justify;\">Make sure you are within the jurisdiction of the Italian Consulate in Johannesburg: Provinces of Free State, Gauteng (excluding the Pretoria-Tshwane metropolitan area), KwaZulu Natal, Limpopo, Mpumalanga, and North West.<\/p>\n<p style=\"text-align: justify;\">The cost of the ETD from 9 December 2025 is exempt from payment.<\/p>\n<p style=\"text-align: justify;\">\n","protected":false},"excerpt":{"rendered":"For Italian citizens temporarily traveling in South Africa, an Emergency Travel Document (ETD) will be issued in the event of theft or loss of passport. The ETD is a temporary travel document, valid for 15 days including the date of issue. The ETD can be issued ONLY for return to Italy or to the country [&hellip;]","protected":false},"author":1,"featured_media":0,"parent":184,"menu_order":2,"comment_status":"closed","ping_status":"closed","template":"","meta":{"footnotes":""},"class_list":["post-186","page","type-page","status-publish","hentry"],"_links":{"self":[{"href":"https:\/\/consjohannesburg.esteri.it\/en\/wp-json\/wp\/v2\/pages\/186","targetHints":{"allow":["GET"]}}],"collection":[{"href":"https:\/\/consjohannesburg.esteri.it\/en\/wp-json\/wp\/v2\/pages"}],"about":[{"href":"https:\/\/consjohannesburg.esteri.it\/en\/wp-json\/wp\/v2\/types\/page"}],"author":[{"embeddable":true,"href":"https:\/\/consjohannesburg.esteri.it\/en\/wp-json\/wp\/v2\/users\/1"}],"replies":[{"embeddable":true,"href":"https:\/\/consjohannesburg.esteri.it\/en\/wp-json\/wp\/v2\/comments?post=186"}],"version-history":[{"count":8,"href":"https:\/\/consjohannesburg.esteri.it\/en\/wp-json\/wp\/v2\/pages\/186\/revisions"}],"predecessor-version":[{"id":8158,"href":"https:\/\/consjohannesburg.esteri.it\/en\/wp-json\/wp\/v2\/pages\/186\/revisions\/8158"}],"up":[{"embeddable":true,"href":"https:\/\/consjohannesburg.esteri.it\/en\/wp-json\/wp\/v2\/pages\/184"}],"wp:attachment":[{"href":"https:\/\/consjohannesburg.esteri.it\/en\/wp-json\/wp\/v2\/media?parent=186"}],"curies":[{"name":"wp","href":"https:\/\/api.w.org\/{rel}","templated":true}]}}